{"id":613178,"date":"2025-08-10T12:40:57","date_gmt":"2025-08-10T10:40:57","guid":{"rendered":"https:\/\/lucacastelli.com\/prodotto\/milwaukee-mx-fuel-aufbrechhammer-28-mm-hex-25-kg\/"},"modified":"2025-08-10T12:40:57","modified_gmt":"2025-08-10T10:40:57","slug":"milwaukee-mx-fuel-aufbrechhammer-28-mm-hex-25-kg","status":"publish","type":"product","link":"https:\/\/lucacastelli.com\/de\/produkt\/milwaukee-mx-fuel-aufbrechhammer-28-mm-hex-25-kg\/","title":{"rendered":"Milwaukee MX FUEL Aufbrechhammer 28 mm Hex 25 kg"},"content":{"rendered":"<p>MX FUEL Aufbrechhammer 28 mm Sechskant 25 kg<br \/>\nMXFDH2528HFC-802 KAMPFHAMMER<br \/>\nDer erste kabellose 28-mm-Sechskant-Aufbrechhammer bietet die gleiche Leistung wie kabelgebundene, gemischte oder druckluftbetriebene Werkzeuge; liefert 64 J Schlagenergie f\u00fcr die h\u00e4rtesten Anwendungen; die Anti-Vibrations-Technologie erm\u00f6glicht es dem Benutzer, den ganzen Tag zu arbeiten, ohne gef\u00e4hrlichen Vibrationen und L\u00e4rm ausgesetzt zu sein; minimale Vibration (5.Minimale Vibration (5. 17 m\/s\u00b2) erm\u00f6glicht einen verl\u00e4ngerten Einsatz von \u00fcber 7 Stunden;1300 min-1 Abbruchgeschwindigkeit sorgt f\u00fcr maximale Produktivit\u00e4t bei allen Anwendungen;Bricht bis zu 2 Tonnen Beton ab oder erstellt eine 12 m lange Spur (20 cm tief und 30 cm breit) mit einem MXF XC406-Akkupack;Die Lebensdauer des Ger\u00e4ts ist vergleichbar mit vergleichbaren kabelgebundenen Werkzeugen, eine Wartungsanzeige warnt den Benutzer, wenn nach 40 Stunden Schmiermittel nachgef\u00fcllt werden muss;Das MX FUEL-System setzt neue Ma\u00dfst\u00e4be im kabellosen Betrieb: Das ONE-KEY\u2122 Tracking &amp; Security System bietet eine kostenlose, cloudbasierte Bestandsverfolgung und -verwaltung und verf\u00fcgt \u00fcber eine Fernsperrfunktion;MXF DHT Transportwagen ist separat erh\u00e4ltlich: ausgestattet mit 4 F\u00e4chern zur Aufbewahrung von Mei\u00dfeln, 1 Fach f\u00fcr Ladeger\u00e4t und Ersatzakku, Gurte zur Sicherung des Hammers beim Transport<\/p>\n<p>4933499993<br \/>\n4058546571573<\/p>\n","protected":false},"excerpt":{"rendered":"<p>MXFDH2528HFC-802 HAMMER BATT.<\/p>\n","protected":false},"featured_media":593208,"template":"","meta":{"_seopress_robots_primary_cat":"","_seopress_titles_title":"","_seopress_titles_desc":"","_seopress_robots_index":""},"product_brand":[3407],"product_cat":[5531,29,514],"product_tag":[3270],"class_list":{"0":"post-613178","1":"product","2":"type-product","3":"status-publish","4":"has-post-thumbnail","6":"product_brand-milwaukee","7":"product_cat-vari-macchinari-milwaukee","8":"product_cat-macchinari","9":"product_cat-altri-dispositivi","10":"product_tag-import-milwau","11":"sws-conto-ricavi-merci-rivendita-macchinari-de","12":"sws-gruppo-iva-iva81-de","14":"first","15":"onbackorder","16":"sale","17":"shipping-taxable","18":"purchasable","19":"product-type-simple"},"_links":{"self":[{"href":"https:\/\/lucacastelli.com\/de\/wp-json\/wp\/v2\/product\/613178","targetHints":{"allow":["GET"]}}],"collection":[{"href":"https:\/\/lucacastelli.com\/de\/wp-json\/wp\/v2\/product"}],"about":[{"href":"https:\/\/lucacastelli.com\/de\/wp-json\/wp\/v2\/types\/product"}],"wp:featuredmedia":[{"embeddable":true,"href":"https:\/\/lucacastelli.com\/de\/wp-json\/wp\/v2\/media\/593208"}],"wp:attachment":[{"href":"https:\/\/lucacastelli.com\/de\/wp-json\/wp\/v2\/media?parent=613178"}],"wp:term":[{"taxonomy":"product_brand","embeddable":true,"href":"https:\/\/lucacastelli.com\/de\/wp-json\/wp\/v2\/product_brand?post=613178"},{"taxonomy":"product_cat","embeddable":true,"href":"https:\/\/lucacastelli.com\/de\/wp-json\/wp\/v2\/product_cat?post=613178"},{"taxonomy":"product_tag","embeddable":true,"href":"https:\/\/lucacastelli.com\/de\/wp-json\/wp\/v2\/product_tag?post=613178"}],"curies":[{"name":"wp","href":"https:\/\/api.w.org\/{rel}","templated":true}]}}