{"id":613170,"date":"2025-08-10T12:40:53","date_gmt":"2025-08-10T10:40:53","guid":{"rendered":"https:\/\/lucacastelli.com\/prodotto\/milwaukee-ruettelplatte-mx-fuel-2\/"},"modified":"2026-04-15T12:11:44","modified_gmt":"2026-04-15T10:11:44","slug":"milwaukee-ruettelplatte-mx-fuel-2","status":"publish","type":"product","link":"https:\/\/lucacastelli.com\/de\/produkt\/milwaukee-ruettelplatte-mx-fuel-2\/","title":{"rendered":"MILWAUKEE R\u00fcttelplatte MX FUEL\u2122"},"content":{"rendered":"<p>MXF PC50-122\/MX FUEL<br \/>\nErster reversierbarer Verdichter in der Leichtgewichtsklasse;Schnellster 50-cm-Plattenverdichter auf dem Markt;2 Geschwindigkeiten f\u00fcr maximale Kontrolle;Leicht zug\u00e4nglicher Startknopf am Handgriff;Leicht drehbarer Griff f\u00fcr Richtungswechsel;Klappbarer Griff f\u00fcr einfachen Transport und Lagerung;Verdichtet bis zu 325 m\u00b2 \/ 40 Min. mit 1 MXF HD812 Akku (12 Ah);Kombiniert die Leistung von Benzin-Verdichtern mit den Vorteilen der Akku-Technologie;Wassertank, Pflasterschutzmatte und Radsatz separat erh\u00e4ltlich;Ladestandsanzeige;Das MX FUEL\u2122 System setzt neue Massst\u00e4be f\u00fcr Akkus: Leistung wie bei Benzin-, kabelgebundenen oder pneumatischen L\u00f6sungen, ohne Abgase, L\u00e4rm, Vibrationen, Stolperfallen oder komplexe Wartung;Das ONE-KEY\u2122 Tracking &amp; Security System bietet eine kostenlose cloudbasierte Bestandsverwaltung und Ortung sowie eine Fernsperrfunktion<\/p>\n<p>4933493268<br \/>\n4058546481391<\/p>\n","protected":false},"excerpt":{"rendered":"<p>MXF PC50-122\/MX FUEL<\/p>\n","protected":false},"featured_media":585190,"template":"","meta":{"_seopress_robots_primary_cat":"","_seopress_titles_title":"","_seopress_titles_desc":"","_seopress_robots_index":""},"product_brand":[3407],"product_cat":[5531,29,514],"product_tag":[3270],"class_list":{"0":"post-613170","1":"product","2":"type-product","3":"status-publish","4":"has-post-thumbnail","6":"product_brand-milwaukee","7":"product_cat-vari-macchinari-milwaukee","8":"product_cat-macchinari","9":"product_cat-altri-dispositivi","10":"product_tag-import-milwau","11":"sws-conto-ricavi-merci-rivendita-macchinari-de","12":"sws-gruppo-iva-iva81-de","14":"first","15":"onbackorder","16":"sale","17":"shipping-taxable","18":"purchasable","19":"product-type-simple"},"_links":{"self":[{"href":"https:\/\/lucacastelli.com\/de\/wp-json\/wp\/v2\/product\/613170","targetHints":{"allow":["GET"]}}],"collection":[{"href":"https:\/\/lucacastelli.com\/de\/wp-json\/wp\/v2\/product"}],"about":[{"href":"https:\/\/lucacastelli.com\/de\/wp-json\/wp\/v2\/types\/product"}],"wp:featuredmedia":[{"embeddable":true,"href":"https:\/\/lucacastelli.com\/de\/wp-json\/wp\/v2\/media\/585190"}],"wp:attachment":[{"href":"https:\/\/lucacastelli.com\/de\/wp-json\/wp\/v2\/media?parent=613170"}],"wp:term":[{"taxonomy":"product_brand","embeddable":true,"href":"https:\/\/lucacastelli.com\/de\/wp-json\/wp\/v2\/product_brand?post=613170"},{"taxonomy":"product_cat","embeddable":true,"href":"https:\/\/lucacastelli.com\/de\/wp-json\/wp\/v2\/product_cat?post=613170"},{"taxonomy":"product_tag","embeddable":true,"href":"https:\/\/lucacastelli.com\/de\/wp-json\/wp\/v2\/product_tag?post=613170"}],"curies":[{"name":"wp","href":"https:\/\/api.w.org\/{rel}","templated":true}]}}