{"id":613166,"date":"2025-08-10T12:40:52","date_gmt":"2025-08-10T10:40:52","guid":{"rendered":"https:\/\/lucacastelli.com\/prodotto\/milwaukee-schwimmende-platte-fuer-mx-fuel-600-mm-pulverisierer\/"},"modified":"2025-08-10T12:40:52","modified_gmt":"2025-08-10T10:40:52","slug":"milwaukee-schwimmende-platte-fuer-mx-fuel-600-mm-pulverisierer","status":"publish","type":"product","link":"https:\/\/lucacastelli.com\/de\/produkt\/milwaukee-schwimmende-platte-fuer-mx-fuel-600-mm-pulverisierer\/","title":{"rendered":"Milwaukee Schwimmende Platte f\u00fcr MX FUEL 600 mm Pulverisierer"},"content":{"rendered":"<p>MXFWBT60P 600mm WB Edging Trowel Pan<br \/>\nGl\u00e4ttscheibe f\u00fcr MX FUEL 600 Gl\u00e4tter;Im Vergleich zu Messern bieten Gl\u00e4ttscheiben eine gr\u00f6\u00dfere Kontaktfl\u00e4che mit frischem Beton, wodurch die Gleichm\u00e4\u00dfigkeit der Betonplatte insgesamt erh\u00f6ht wird.;Gl\u00e4ttscheiben werden in der ersten Phase der Oberfl\u00e4chenbearbeitung eingesetzt, um Unregelm\u00e4\u00dfigkeiten im Beton zu beseitigen.<\/p>\n<p>4932498919<br \/>\n4058546527884<\/p>\n","protected":false},"excerpt":{"rendered":"<p>MXFWBT60P 600mm WB Kantenkelle Pan<\/p>\n","protected":false},"featured_media":600702,"template":"","meta":{"_seopress_robots_primary_cat":"","_seopress_titles_title":"","_seopress_titles_desc":"","_seopress_robots_index":""},"product_brand":[3407],"product_cat":[5531,29,514],"product_tag":[3270],"class_list":{"0":"post-613166","1":"product","2":"type-product","3":"status-publish","4":"has-post-thumbnail","6":"product_brand-milwaukee","7":"product_cat-vari-macchinari-milwaukee","8":"product_cat-macchinari","9":"product_cat-altri-dispositivi","10":"product_tag-import-milwau","11":"sws-conto-ricavi-merci-rivendita-macchinari-de","12":"sws-gruppo-iva-iva81-de","14":"first","15":"onbackorder","16":"sale","17":"shipping-taxable","18":"purchasable","19":"product-type-simple"},"_links":{"self":[{"href":"https:\/\/lucacastelli.com\/de\/wp-json\/wp\/v2\/product\/613166","targetHints":{"allow":["GET"]}}],"collection":[{"href":"https:\/\/lucacastelli.com\/de\/wp-json\/wp\/v2\/product"}],"about":[{"href":"https:\/\/lucacastelli.com\/de\/wp-json\/wp\/v2\/types\/product"}],"wp:featuredmedia":[{"embeddable":true,"href":"https:\/\/lucacastelli.com\/de\/wp-json\/wp\/v2\/media\/600702"}],"wp:attachment":[{"href":"https:\/\/lucacastelli.com\/de\/wp-json\/wp\/v2\/media?parent=613166"}],"wp:term":[{"taxonomy":"product_brand","embeddable":true,"href":"https:\/\/lucacastelli.com\/de\/wp-json\/wp\/v2\/product_brand?post=613166"},{"taxonomy":"product_cat","embeddable":true,"href":"https:\/\/lucacastelli.com\/de\/wp-json\/wp\/v2\/product_cat?post=613166"},{"taxonomy":"product_tag","embeddable":true,"href":"https:\/\/lucacastelli.com\/de\/wp-json\/wp\/v2\/product_tag?post=613166"}],"curies":[{"name":"wp","href":"https:\/\/api.w.org\/{rel}","templated":true}]}}