{"id":613157,"date":"2025-08-10T12:40:50","date_gmt":"2025-08-10T10:40:50","guid":{"rendered":"https:\/\/lucacastelli.com\/prodotto\/milwaukee-mx-fuel-tauchmotorpumpe-2\/"},"modified":"2026-04-15T12:12:02","modified_gmt":"2026-04-15T10:12:02","slug":"milwaukee-mx-fuel-tauchmotorpumpe-2","status":"publish","type":"product","link":"https:\/\/lucacastelli.com\/de\/produkt\/milwaukee-mx-fuel-tauchmotorpumpe-2\/","title":{"rendered":"MILWAUKEE Tauchpumpe MX FUEL\u2122"},"content":{"rendered":"<p>MXFSMP2-802 MX FUEL SUB PUMP<br \/>\n3 Betriebsmodi f\u00fcr perfekten Durchfluss;Eco-Modus f\u00fcr l\u00e4ngere Laufzeit;Automatische Erkennung: Ein, Aus, automatischer Durchfluss;Pumpenh\u00f6he bis 18 m;Durchflussmenge von 320 l\/min f\u00fcr optimale Produktivit\u00e4t;Kommunikation mit dem Benutzer \u00fcber Fernbedienung;F\u00fcr den Einsatz in geschlossenen R\u00e4umen oder unter Tage sind keine Generatoren mehr erforderlich;Aufbauend auf den St\u00e4rken der FUEL\u2122-Technologie erreicht das FUEL\u2122-System ein neues Leistungsniveau ohne Kabel. Mit besonderem Fokus auf Benzin- und Kabel- sowie Druckluftleistung verursachen diese Ger\u00e4te keine Gefahren durch Emissionen, L\u00e4rm, Vibrationen, Stolperfallen und Frustration durch komplexe Wartung.;ONE-KEY\u2122 Tool Tracking &amp; Security bietet ein kostenloses cloudbasiertes Tracking- und Inventarverwaltungsnetzwerk f\u00fcr Ihre Werkzeuge. ONE-KEY\u2122 bietet auch eine Fernverriegelungsfunktion<\/p>\n<p>4933498163<br \/>\n4058546513238<\/p>\n","protected":false},"excerpt":{"rendered":"<p>MXFSMP2-802 MX FUEL SUB PUMP<\/p>\n","protected":false},"featured_media":587294,"template":"","meta":{"_seopress_robots_primary_cat":"","_seopress_titles_title":"","_seopress_titles_desc":"","_seopress_robots_index":""},"product_brand":[3656],"product_cat":[1454,169,5534],"product_tag":[3272],"class_list":{"0":"post-613157","1":"product","2":"type-product","3":"status-publish","4":"has-post-thumbnail","6":"product_brand-milwaukee-de","7":"product_cat-andere-gerate","8":"product_cat-maschinen","9":"product_cat-verschiedene-maschinen-von-milwaukee","10":"product_tag-import-milwau-de","11":"sws-conto-ricavi-merci-rivendita-macchinari-de","12":"sws-gruppo-iva-iva81-de","14":"first","15":"onbackorder","16":"sale","17":"shipping-taxable","18":"purchasable","19":"product-type-simple"},"_links":{"self":[{"href":"https:\/\/lucacastelli.com\/de\/wp-json\/wp\/v2\/product\/613157","targetHints":{"allow":["GET"]}}],"collection":[{"href":"https:\/\/lucacastelli.com\/de\/wp-json\/wp\/v2\/product"}],"about":[{"href":"https:\/\/lucacastelli.com\/de\/wp-json\/wp\/v2\/types\/product"}],"wp:featuredmedia":[{"embeddable":true,"href":"https:\/\/lucacastelli.com\/de\/wp-json\/wp\/v2\/media\/587294"}],"wp:attachment":[{"href":"https:\/\/lucacastelli.com\/de\/wp-json\/wp\/v2\/media?parent=613157"}],"wp:term":[{"taxonomy":"product_brand","embeddable":true,"href":"https:\/\/lucacastelli.com\/de\/wp-json\/wp\/v2\/product_brand?post=613157"},{"taxonomy":"product_cat","embeddable":true,"href":"https:\/\/lucacastelli.com\/de\/wp-json\/wp\/v2\/product_cat?post=613157"},{"taxonomy":"product_tag","embeddable":true,"href":"https:\/\/lucacastelli.com\/de\/wp-json\/wp\/v2\/product_tag?post=613157"}],"curies":[{"name":"wp","href":"https:\/\/api.w.org\/{rel}","templated":true}]}}