{"id":613146,"date":"2025-08-10T12:27:03","date_gmt":"2025-08-10T10:27:03","guid":{"rendered":"https:\/\/lucacastelli.com\/prodotto\/milwaukee-elektro-kettensaege-2\/"},"modified":"2025-08-10T12:27:03","modified_gmt":"2025-08-10T10:27:03","slug":"milwaukee-elektro-kettensaege-2","status":"publish","type":"product","link":"https:\/\/lucacastelli.com\/de\/produkt\/milwaukee-elektro-kettensaege-2\/","title":{"rendered":"MILWAUKEE Elektro-Kettens\u00e4ge"},"content":{"rendered":"<p>M18 FTHCHS30-802 \/ ELEKTRISCHE S\u00c4GEN<br \/>\nHervorragende Schnittgeschwindigkeit bei Harth\u00f6lzern im Vergleich zu vergleichbaren Benzin- oder kabelgebundenen Modellen;Bietet ein hohes Drehmoment, um Schnitte selbst bei den anspruchsvollsten Anwendungen zu vollenden, und h\u00e4lt die Geschwindigkeit konstant, ohne zu verlangsamen;FUEL Technologie garantiert maximale Geschwindigkeit in weniger als 1 Sekunde;Erm\u00f6glicht bis zu 150 Schnitte bei 10 cm x 10 cm Zedernholz mit 1 x 8,0 Ah M18 HIGH OUTPUT\u2122 Akku.0 Ah;Kompakte und ausbalancierte Elektros\u00e4ge mit 30 cm langem Schwert und oberem Griff, die speziell f\u00fcr professionelle Baumpfleger entwickelt wurde;Variabler Geschwindigkeitsschalter f\u00fcr maximale Geschwindigkeitskontrolle;Haken f\u00fcr bequemes und schnelles Einsetzen und Abnehmen des Gurtes;Ergonomischer Griff f\u00fcr maximalen Komfort und bessere Handhabung;Einfacher Zugang zum Kettenspanner;Maximale Hebelwirkung beim Schneiden dank starker Metallz\u00e4hne f\u00fcr hohe Leistung;Einfacher Zugang zum \u00d6ltank und Sichtfenster zur schnellen \u00d6lstandskontrolle;Lieferung mit 76 ccm \u00d6l, Kettenschl\u00fcssel und Kettenstrebe;HIGH OUTPUT\u2122 System, erh\u00f6ht die Leistung und Reichweite der M18 FUEL Technologie;Funktioniert mit allen Milwaukee M18\u2122 Batterien<\/p>\n<p>4933499221<br \/>\n4058546563851<\/p>\n","protected":false},"excerpt":{"rendered":"<p>M18 FTHCHS30-802 \/ ELEKTRISCHE S\u00c4GEN<\/p>\n","protected":false},"featured_media":589173,"template":"","meta":{"_seopress_robots_primary_cat":"","_seopress_titles_title":"","_seopress_titles_desc":"","_seopress_robots_index":""},"product_brand":[3407],"product_cat":[5531,29,514],"product_tag":[3270],"class_list":{"0":"post-613146","1":"product","2":"type-product","3":"status-publish","4":"has-post-thumbnail","6":"product_brand-milwaukee","7":"product_cat-vari-macchinari-milwaukee","8":"product_cat-macchinari","9":"product_cat-altri-dispositivi","10":"product_tag-import-milwau","11":"sws-conto-ricavi-merci-rivendita-macchinari-de","12":"sws-gruppo-iva-iva81-de","14":"first","15":"onbackorder","16":"sale","17":"shipping-taxable","18":"purchasable","19":"product-type-simple"},"_links":{"self":[{"href":"https:\/\/lucacastelli.com\/de\/wp-json\/wp\/v2\/product\/613146","targetHints":{"allow":["GET"]}}],"collection":[{"href":"https:\/\/lucacastelli.com\/de\/wp-json\/wp\/v2\/product"}],"about":[{"href":"https:\/\/lucacastelli.com\/de\/wp-json\/wp\/v2\/types\/product"}],"wp:featuredmedia":[{"embeddable":true,"href":"https:\/\/lucacastelli.com\/de\/wp-json\/wp\/v2\/media\/589173"}],"wp:attachment":[{"href":"https:\/\/lucacastelli.com\/de\/wp-json\/wp\/v2\/media?parent=613146"}],"wp:term":[{"taxonomy":"product_brand","embeddable":true,"href":"https:\/\/lucacastelli.com\/de\/wp-json\/wp\/v2\/product_brand?post=613146"},{"taxonomy":"product_cat","embeddable":true,"href":"https:\/\/lucacastelli.com\/de\/wp-json\/wp\/v2\/product_cat?post=613146"},{"taxonomy":"product_tag","embeddable":true,"href":"https:\/\/lucacastelli.com\/de\/wp-json\/wp\/v2\/product_tag?post=613146"}],"curies":[{"name":"wp","href":"https:\/\/api.w.org\/{rel}","templated":true}]}}