{"id":613141,"date":"2025-08-10T12:26:25","date_gmt":"2025-08-10T10:26:25","guid":{"rendered":"https:\/\/lucacastelli.com\/prodotto\/milwaukee-inspection-monitor\/"},"modified":"2025-08-10T12:26:25","modified_gmt":"2025-08-10T10:26:25","slug":"milwaukee-inspection-monitor","status":"publish","type":"product","link":"https:\/\/lucacastelli.com\/de\/produkt\/milwaukee-inspection-monitor\/","title":{"rendered":"Milwaukee Inspection Monitor"},"content":{"rendered":"<p>M12SIM-0 INSPEKTIONSKAMERA<br \/>\n\u00dcbertrage Dateien \u00fcber USB-A, USB-C, microSD-Karte oder ganz bequem \u00fcber WiFi;Der 5.5-Zoll-LCD-Touchscreen liefert gestochen scharfe, klare Bilder und erm\u00f6glicht es dem Benutzer, Bereiche im Detail zu sehen;Intuitive Nutzung des Touchscreens dank der vereinfachten Benutzeroberfl\u00e4che;720 p Kameraaufl\u00f6sung mit variablem Zoom und Helligkeit, damit du klar und schnell fokussieren kannst;Aufgenommene Bilder k\u00f6nnen auf dem Touchscreen bearbeitet werden, um kritische Bereiche hervorzuheben;Mit der mitgelieferten 32 GB microSD-Karte kannst du Bilder und Videos aufnehmen und speichern;2 anschlie\u00dfbare Videokabel mit L\u00e4ngen von 1.2 m und 3 m L\u00e4nge;10-mm-Kamerakopf erm\u00f6glicht den Zugang zu engen Stellen wie Waschbecken und Toiletten;IP67-Kamerakopf und -Kabel widerstehen den h\u00e4rtesten Bedingungen;Abnehmbare und verstellbare Silikonb\u00e4nder sorgen f\u00fcr optimalen Benutzerkomfort;REDLITHIUM\u2122-Akku bietet eine fortschrittliche Akku-Konstruktion f\u00fcr eine l\u00e4ngere Lebensdauer und gleichbleibende Leistung im Laufe der Zeit;Funktioniert mit allen Milwaukee\u00ae-Akkus<\/p>\n<p>4933493592<br \/>\n4058546484637<\/p>\n","protected":false},"excerpt":{"rendered":"<p>M12SIM-0 INSPEKTIONSKAMERA<\/p>\n","protected":false},"featured_media":589303,"template":"","meta":{"_seopress_robots_primary_cat":"","_seopress_titles_title":"","_seopress_titles_desc":"","_seopress_robots_index":""},"product_brand":[3407],"product_cat":[5531,29,514],"product_tag":[3270],"class_list":{"0":"post-613141","1":"product","2":"type-product","3":"status-publish","4":"has-post-thumbnail","6":"product_brand-milwaukee","7":"product_cat-vari-macchinari-milwaukee","8":"product_cat-macchinari","9":"product_cat-altri-dispositivi","10":"product_tag-import-milwau","11":"sws-conto-ricavi-merci-rivendita-macchinari-de","12":"sws-gruppo-iva-iva81-de","14":"first","15":"onbackorder","16":"sale","17":"shipping-taxable","18":"purchasable","19":"product-type-simple"},"_links":{"self":[{"href":"https:\/\/lucacastelli.com\/de\/wp-json\/wp\/v2\/product\/613141","targetHints":{"allow":["GET"]}}],"collection":[{"href":"https:\/\/lucacastelli.com\/de\/wp-json\/wp\/v2\/product"}],"about":[{"href":"https:\/\/lucacastelli.com\/de\/wp-json\/wp\/v2\/types\/product"}],"wp:featuredmedia":[{"embeddable":true,"href":"https:\/\/lucacastelli.com\/de\/wp-json\/wp\/v2\/media\/589303"}],"wp:attachment":[{"href":"https:\/\/lucacastelli.com\/de\/wp-json\/wp\/v2\/media?parent=613141"}],"wp:term":[{"taxonomy":"product_brand","embeddable":true,"href":"https:\/\/lucacastelli.com\/de\/wp-json\/wp\/v2\/product_brand?post=613141"},{"taxonomy":"product_cat","embeddable":true,"href":"https:\/\/lucacastelli.com\/de\/wp-json\/wp\/v2\/product_cat?post=613141"},{"taxonomy":"product_tag","embeddable":true,"href":"https:\/\/lucacastelli.com\/de\/wp-json\/wp\/v2\/product_tag?post=613141"}],"curies":[{"name":"wp","href":"https:\/\/api.w.org\/{rel}","templated":true}]}}