{"id":613079,"date":"2025-08-10T08:53:09","date_gmt":"2025-08-10T06:53:09","guid":{"rendered":"https:\/\/lucacastelli.com\/prodotto\/milwaukee-spiralnaegel-kopf-15-7\/"},"modified":"2025-08-10T08:53:09","modified_gmt":"2025-08-10T06:53:09","slug":"milwaukee-spiralnaegel-kopf-15-7","status":"publish","type":"product","link":"https:\/\/lucacastelli.com\/de\/produkt\/milwaukee-spiralnaegel-kopf-15-7\/","title":{"rendered":"Milwaukee Spiraln\u00e4gel &#8211; Kopf 15\u00b0."},"content":{"rendered":"<p>CHIO SPIR 15 RH 3.05x45mm\/RS\/G-1440 pcs<br \/>\nD-Kopf Cib-N\u00e4gel f\u00fcr M18FRCN45;15 Grad Coil-N\u00e4gel<\/p>\n<p>4932499315<br \/>\n4058546564797<\/p>\n","protected":false},"excerpt":{"rendered":"<p>CHIO SPIR 15 RH 3.05x45mm\/RS\/G-1440 Stk.<\/p>\n","protected":false},"featured_media":567835,"template":"","meta":{"_seopress_robots_primary_cat":"","_seopress_titles_title":"","_seopress_titles_desc":"","_seopress_robots_index":""},"product_brand":[3656],"product_cat":[169,1461,1460],"product_tag":[3272],"class_list":{"0":"post-613079","1":"product","2":"type-product","3":"status-publish","4":"has-post-thumbnail","6":"product_brand-milwaukee-de","7":"product_cat-maschinen","8":"product_cat-nagler","9":"product_cat-zubehor-fur-nagler","10":"product_tag-import-milwau-de","11":"sws-conto-ricavi-merci-rivendita-macchinari-de","12":"sws-gruppo-iva-iva81-de","14":"first","15":"onbackorder","16":"sale","17":"shipping-taxable","18":"purchasable","19":"product-type-simple"},"_links":{"self":[{"href":"https:\/\/lucacastelli.com\/de\/wp-json\/wp\/v2\/product\/613079","targetHints":{"allow":["GET"]}}],"collection":[{"href":"https:\/\/lucacastelli.com\/de\/wp-json\/wp\/v2\/product"}],"about":[{"href":"https:\/\/lucacastelli.com\/de\/wp-json\/wp\/v2\/types\/product"}],"wp:featuredmedia":[{"embeddable":true,"href":"https:\/\/lucacastelli.com\/de\/wp-json\/wp\/v2\/media\/567835"}],"wp:attachment":[{"href":"https:\/\/lucacastelli.com\/de\/wp-json\/wp\/v2\/media?parent=613079"}],"wp:term":[{"taxonomy":"product_brand","embeddable":true,"href":"https:\/\/lucacastelli.com\/de\/wp-json\/wp\/v2\/product_brand?post=613079"},{"taxonomy":"product_cat","embeddable":true,"href":"https:\/\/lucacastelli.com\/de\/wp-json\/wp\/v2\/product_cat?post=613079"},{"taxonomy":"product_tag","embeddable":true,"href":"https:\/\/lucacastelli.com\/de\/wp-json\/wp\/v2\/product_tag?post=613079"}],"curies":[{"name":"wp","href":"https:\/\/api.w.org\/{rel}","templated":true}]}}