{"id":613050,"date":"2025-08-10T08:52:31","date_gmt":"2025-08-10T06:52:31","guid":{"rendered":"https:\/\/lucacastelli.com\/prodotto\/milwaukee-naegel-34-kopf-d-8\/"},"modified":"2025-08-10T08:52:31","modified_gmt":"2025-08-10T06:52:31","slug":"milwaukee-naegel-34-kopf-d-8","status":"publish","type":"product","link":"https:\/\/lucacastelli.com\/de\/produkt\/milwaukee-naegel-34-kopf-d-8\/","title":{"rendered":"Milwaukee N\u00e4gel 34\u00b0 &#8211; Kopf D"},"content":{"rendered":"<p>NAILS D 34\/7,4&#215;2,8\/75mm\/RS\/B\/SC1 2200pcs<br \/>\nZur Verwendung mit M18 FFN;34\u00b0 D-Kopfn\u00e4gel &#8211; Papierstreifen;Glatte N\u00e4gel f\u00fcr den Innenbereich (Service Class 1\/Eurocode 5)<\/p>\n<p>4932492602<br \/>\n4058546419691<\/p>\n","protected":false},"excerpt":{"rendered":"<p>N\u00c4GEL D 34\/7,4&#215;2,8\/75mm\/RS\/B\/SC1 2200St\u00fcck<\/p>\n","protected":false},"featured_media":557662,"template":"","meta":{"_seopress_robots_primary_cat":"","_seopress_titles_title":"","_seopress_titles_desc":"","_seopress_robots_index":""},"product_brand":[3407],"product_cat":[29,552,553],"product_tag":[3270],"class_list":{"0":"post-613050","1":"product","2":"type-product","3":"status-publish","4":"has-post-thumbnail","6":"product_brand-milwaukee","7":"product_cat-macchinari","8":"product_cat-chiodatrici","9":"product_cat-accessori-per-chiodatrici","10":"product_tag-import-milwau","11":"sws-conto-ricavi-merci-rivendita-macchinari-de","12":"sws-gruppo-iva-iva81-de","14":"first","15":"onbackorder","16":"sale","17":"shipping-taxable","18":"purchasable","19":"product-type-simple"},"_links":{"self":[{"href":"https:\/\/lucacastelli.com\/de\/wp-json\/wp\/v2\/product\/613050","targetHints":{"allow":["GET"]}}],"collection":[{"href":"https:\/\/lucacastelli.com\/de\/wp-json\/wp\/v2\/product"}],"about":[{"href":"https:\/\/lucacastelli.com\/de\/wp-json\/wp\/v2\/types\/product"}],"wp:featuredmedia":[{"embeddable":true,"href":"https:\/\/lucacastelli.com\/de\/wp-json\/wp\/v2\/media\/557662"}],"wp:attachment":[{"href":"https:\/\/lucacastelli.com\/de\/wp-json\/wp\/v2\/media?parent=613050"}],"wp:term":[{"taxonomy":"product_brand","embeddable":true,"href":"https:\/\/lucacastelli.com\/de\/wp-json\/wp\/v2\/product_brand?post=613050"},{"taxonomy":"product_cat","embeddable":true,"href":"https:\/\/lucacastelli.com\/de\/wp-json\/wp\/v2\/product_cat?post=613050"},{"taxonomy":"product_tag","embeddable":true,"href":"https:\/\/lucacastelli.com\/de\/wp-json\/wp\/v2\/product_tag?post=613050"}],"curies":[{"name":"wp","href":"https:\/\/api.w.org\/{rel}","templated":true}]}}