{"id":613048,"date":"2025-08-10T08:52:29","date_gmt":"2025-08-10T06:52:29","guid":{"rendered":"https:\/\/lucacastelli.com\/prodotto\/milwaukee-naegel-34-kopf-d-7\/"},"modified":"2025-08-10T08:52:29","modified_gmt":"2025-08-10T06:52:29","slug":"milwaukee-naegel-34-kopf-d-7","status":"publish","type":"product","link":"https:\/\/lucacastelli.com\/de\/produkt\/milwaukee-naegel-34-kopf-d-7\/","title":{"rendered":"Milwaukee N\u00e4gel 34\u00b0 &#8211; Kopf D"},"content":{"rendered":"<p>N\u00c4GEL D 34\/7,4&#215;2,8\/63mm\/SS\/B\/SC1 2200St\u00fcck<br \/>\nZur Verwendung mit M18 FFN;34\u00b0 D-Kopf-N\u00e4gel &#8211; Papierstreifen;Glatte N\u00e4gel f\u00fcr den Innenbereich (Serviceklasse 1\/Eurocode 5)<\/p>\n<p>4932492600<br \/>\n4058546419677<\/p>\n","protected":false},"excerpt":{"rendered":"<p>N\u00c4GEL D 34\/7,4&#215;2,8\/63mm\/SS\/B\/SC1 2200St\u00fcck<\/p>\n","protected":false},"featured_media":557644,"template":"","meta":{"_seopress_robots_primary_cat":"","_seopress_titles_title":"","_seopress_titles_desc":"","_seopress_robots_index":""},"product_brand":[3656],"product_cat":[169,1461,1460],"product_tag":[3272],"class_list":{"0":"post-613048","1":"product","2":"type-product","3":"status-publish","4":"has-post-thumbnail","6":"product_brand-milwaukee-de","7":"product_cat-maschinen","8":"product_cat-nagler","9":"product_cat-zubehor-fur-nagler","10":"product_tag-import-milwau-de","11":"sws-conto-ricavi-merci-rivendita-macchinari-de","12":"sws-gruppo-iva-iva81-de","14":"first","15":"onbackorder","16":"sale","17":"shipping-taxable","18":"purchasable","19":"product-type-simple"},"_links":{"self":[{"href":"https:\/\/lucacastelli.com\/de\/wp-json\/wp\/v2\/product\/613048","targetHints":{"allow":["GET"]}}],"collection":[{"href":"https:\/\/lucacastelli.com\/de\/wp-json\/wp\/v2\/product"}],"about":[{"href":"https:\/\/lucacastelli.com\/de\/wp-json\/wp\/v2\/types\/product"}],"wp:featuredmedia":[{"embeddable":true,"href":"https:\/\/lucacastelli.com\/de\/wp-json\/wp\/v2\/media\/557644"}],"wp:attachment":[{"href":"https:\/\/lucacastelli.com\/de\/wp-json\/wp\/v2\/media?parent=613048"}],"wp:term":[{"taxonomy":"product_brand","embeddable":true,"href":"https:\/\/lucacastelli.com\/de\/wp-json\/wp\/v2\/product_brand?post=613048"},{"taxonomy":"product_cat","embeddable":true,"href":"https:\/\/lucacastelli.com\/de\/wp-json\/wp\/v2\/product_cat?post=613048"},{"taxonomy":"product_tag","embeddable":true,"href":"https:\/\/lucacastelli.com\/de\/wp-json\/wp\/v2\/product_tag?post=613048"}],"curies":[{"name":"wp","href":"https:\/\/api.w.org\/{rel}","templated":true}]}}