{"id":613034,"date":"2025-08-10T08:52:25","date_gmt":"2025-08-10T06:52:25","guid":{"rendered":"https:\/\/lucacastelli.com\/prodotto\/milwaukee-spiralnaegel-kopf-15\/"},"modified":"2025-08-10T08:52:25","modified_gmt":"2025-08-10T06:52:25","slug":"milwaukee-spiralnaegel-kopf-15","status":"publish","type":"product","link":"https:\/\/lucacastelli.com\/de\/produkt\/milwaukee-spiralnaegel-kopf-15\/","title":{"rendered":"Milwaukee Spiraln\u00e4gel &#8211; Kopf 15\u00b0."},"content":{"rendered":"<p>CHIO SPIR 15 RH 3.05x32mm\/RS\/Inox-2160pcs<br \/>\nD-Kopf Cib-N\u00e4gel f\u00fcr M18FRCN45;15 Grad Coil-N\u00e4gel<\/p>\n<p>4932499328<br \/>\n4058546564926<\/p>\n","protected":false},"excerpt":{"rendered":"<p>CHIO SPIR 15 RH 3.05x32mm\/RS\/Inox-2160St.<\/p>\n","protected":false},"featured_media":567762,"template":"","meta":{"_seopress_robots_primary_cat":"","_seopress_titles_title":"","_seopress_titles_desc":"","_seopress_robots_index":""},"product_brand":[3407],"product_cat":[29,552,553],"product_tag":[3270],"class_list":{"0":"post-613034","1":"product","2":"type-product","3":"status-publish","4":"has-post-thumbnail","6":"product_brand-milwaukee","7":"product_cat-macchinari","8":"product_cat-chiodatrici","9":"product_cat-accessori-per-chiodatrici","10":"product_tag-import-milwau","11":"sws-conto-ricavi-merci-rivendita-macchinari-de","12":"sws-gruppo-iva-iva81-de","14":"first","15":"onbackorder","16":"sale","17":"shipping-taxable","18":"purchasable","19":"product-type-simple"},"_links":{"self":[{"href":"https:\/\/lucacastelli.com\/de\/wp-json\/wp\/v2\/product\/613034","targetHints":{"allow":["GET"]}}],"collection":[{"href":"https:\/\/lucacastelli.com\/de\/wp-json\/wp\/v2\/product"}],"about":[{"href":"https:\/\/lucacastelli.com\/de\/wp-json\/wp\/v2\/types\/product"}],"wp:featuredmedia":[{"embeddable":true,"href":"https:\/\/lucacastelli.com\/de\/wp-json\/wp\/v2\/media\/567762"}],"wp:attachment":[{"href":"https:\/\/lucacastelli.com\/de\/wp-json\/wp\/v2\/media?parent=613034"}],"wp:term":[{"taxonomy":"product_brand","embeddable":true,"href":"https:\/\/lucacastelli.com\/de\/wp-json\/wp\/v2\/product_brand?post=613034"},{"taxonomy":"product_cat","embeddable":true,"href":"https:\/\/lucacastelli.com\/de\/wp-json\/wp\/v2\/product_cat?post=613034"},{"taxonomy":"product_tag","embeddable":true,"href":"https:\/\/lucacastelli.com\/de\/wp-json\/wp\/v2\/product_tag?post=613034"}],"curies":[{"name":"wp","href":"https:\/\/api.w.org\/{rel}","templated":true}]}}