{"id":613025,"date":"2025-08-10T08:52:22","date_gmt":"2025-08-10T06:52:22","guid":{"rendered":"https:\/\/lucacastelli.com\/prodotto\/milwaukee-naegel-21-duplex-2\/"},"modified":"2025-08-10T08:52:22","modified_gmt":"2025-08-10T06:52:22","slug":"milwaukee-naegel-21-duplex-2","status":"publish","type":"product","link":"https:\/\/lucacastelli.com\/de\/produkt\/milwaukee-naegel-21-duplex-2\/","title":{"rendered":"Milwaukee N\u00e4gel 21\u00b0 &#8211; Duplex"},"content":{"rendered":"<p>Duplex-N\u00e4gel 21deg RH 73mm\/57mm-2000pc<br \/>\nDoppelkopfnagel: Entwickelt f\u00fcr tempor\u00e4re Befestigungen, erm\u00f6glicht ein einfaches Entfernen;Glatter Schaft: Erm\u00f6glicht ein schnelles und problemloses Entfernen aus dem Material;Ideal f\u00fcr tempor\u00e4re Konstruktionen wie z.B. Betonschalungen, die sp\u00e4ter ein Entfernen der N\u00e4gel erfordern.<\/p>\n<p>4932498155<br \/>\n4058546513153<\/p>\n","protected":false},"excerpt":{"rendered":"<p>Duplex N\u00e4gel 21Grad RH 73mm\/57mm-2000St.<\/p>\n","protected":false},"featured_media":566431,"template":"","meta":{"_seopress_robots_primary_cat":"","_seopress_titles_title":"","_seopress_titles_desc":"","_seopress_robots_index":""},"product_brand":[3407],"product_cat":[29,552,553],"product_tag":[3270],"class_list":{"0":"post-613025","1":"product","2":"type-product","3":"status-publish","4":"has-post-thumbnail","6":"product_brand-milwaukee","7":"product_cat-macchinari","8":"product_cat-chiodatrici","9":"product_cat-accessori-per-chiodatrici","10":"product_tag-import-milwau","11":"sws-conto-ricavi-merci-rivendita-macchinari-de","12":"sws-gruppo-iva-iva81-de","14":"first","15":"onbackorder","16":"sale","17":"shipping-taxable","18":"purchasable","19":"product-type-simple"},"_links":{"self":[{"href":"https:\/\/lucacastelli.com\/de\/wp-json\/wp\/v2\/product\/613025","targetHints":{"allow":["GET"]}}],"collection":[{"href":"https:\/\/lucacastelli.com\/de\/wp-json\/wp\/v2\/product"}],"about":[{"href":"https:\/\/lucacastelli.com\/de\/wp-json\/wp\/v2\/types\/product"}],"wp:featuredmedia":[{"embeddable":true,"href":"https:\/\/lucacastelli.com\/de\/wp-json\/wp\/v2\/media\/566431"}],"wp:attachment":[{"href":"https:\/\/lucacastelli.com\/de\/wp-json\/wp\/v2\/media?parent=613025"}],"wp:term":[{"taxonomy":"product_brand","embeddable":true,"href":"https:\/\/lucacastelli.com\/de\/wp-json\/wp\/v2\/product_brand?post=613025"},{"taxonomy":"product_cat","embeddable":true,"href":"https:\/\/lucacastelli.com\/de\/wp-json\/wp\/v2\/product_cat?post=613025"},{"taxonomy":"product_tag","embeddable":true,"href":"https:\/\/lucacastelli.com\/de\/wp-json\/wp\/v2\/product_tag?post=613025"}],"curies":[{"name":"wp","href":"https:\/\/api.w.org\/{rel}","templated":true}]}}