{"id":612991,"date":"2025-08-10T08:52:13","date_gmt":"2025-08-10T06:52:13","guid":{"rendered":"https:\/\/lucacastelli.com\/prodotto\/milwaukee-m18-fuel-dachhefter-2\/"},"modified":"2025-08-10T08:52:13","modified_gmt":"2025-08-10T06:52:13","slug":"milwaukee-m18-fuel-dachhefter-2","status":"publish","type":"product","link":"https:\/\/lucacastelli.com\/de\/produkt\/milwaukee-m18-fuel-dachhefter-2\/","title":{"rendered":"Milwaukee M18 FUEL Dachhefter"},"content":{"rendered":"<p>M18FRCN45-302X DACHDECKER-COIL-NAGLER<br \/>\nBen\u00f6tigt keine Gaskartuschen und keine Reinigung, entwickelt f\u00fcr den langen und zuverl\u00e4ssigen Einsatz f\u00fcr die anspruchsvollsten Nutzer. Ben\u00f6tigt nur sehr wenig Wartung; Die Dry-Strike-Sperre verhindert, dass das Ger\u00e4t ausgel\u00f6st wird, wenn sich keine N\u00e4gel mehr im Magazin befinden; Die Ready-to-Fire-Nageltechnologie eliminiert die Anlaufzeit zwischen den einzelnen Nagelausl\u00f6sungen; Zwei Modi erm\u00f6glichen sequenzielles Einsetzen f\u00fcr Genauigkeit oder Kontaktaktivierung f\u00fcr Geschwindigkeit mit einer Verarbeitungsgeschwindigkeit von bis zu 6 N\u00e4geln pro Sekunde; Schnelle und einfache Tiefeneinstellung ohne Werkzeug, um sicherzustellen, dass die N\u00e4gel immer vollst\u00e4ndig eingesetzt werden.Schie\u00dft bis zu 1.100 N\u00e4gel pro Ladung mit einem 3,0 Ah REDLITHIUM\u2122-Akku f\u00fcr maximale Produktivit\u00e4t;Kann Coiln\u00e4gel von 19 bis 45 mm L\u00e4nge mit einem Durchmesser von 3 mm und einem Kopfdurchmesser von 10,1 bis 10,5 mm mit einer Neigung von 15 Grad (\u00b1 1) aufnehmen;Die DNA unserer FUEL-Plattform definiert das Gleichgewicht der schnurlosen Technologien. Der b\u00fcrstenlose POWERSTATE\u2122-Motor von Milwaukee\u00ae, der REDLITHIUM\u2122-Akku und die elektronische REDLINK PLUS\u2122-Intelligenz sorgen f\u00fcr herausragende Leistung, Reichweite und Langlebigkeit;Flexibles Akkusystem: kann mit allen Milwaukee\u00ae M18-Akkus verwendet werden<\/p>\n<p>4933498169<br \/>\n4058546520380<\/p>\n","protected":false},"excerpt":{"rendered":"<p>M18FRCN45-302X DACHDECKER-COIL-NAGLER<\/p>\n","protected":false},"featured_media":587316,"template":"","meta":{"_seopress_robots_primary_cat":"","_seopress_titles_title":"","_seopress_titles_desc":"","_seopress_robots_index":""},"product_brand":[3407],"product_cat":[29,552,553],"product_tag":[3270],"class_list":{"0":"post-612991","1":"product","2":"type-product","3":"status-publish","4":"has-post-thumbnail","6":"product_brand-milwaukee","7":"product_cat-macchinari","8":"product_cat-chiodatrici","9":"product_cat-accessori-per-chiodatrici","10":"product_tag-import-milwau","11":"sws-conto-ricavi-merci-rivendita-macchinari-de","12":"sws-gruppo-iva-iva81-de","14":"first","15":"onbackorder","16":"sale","17":"shipping-taxable","18":"purchasable","19":"product-type-simple"},"_links":{"self":[{"href":"https:\/\/lucacastelli.com\/de\/wp-json\/wp\/v2\/product\/612991","targetHints":{"allow":["GET"]}}],"collection":[{"href":"https:\/\/lucacastelli.com\/de\/wp-json\/wp\/v2\/product"}],"about":[{"href":"https:\/\/lucacastelli.com\/de\/wp-json\/wp\/v2\/types\/product"}],"wp:featuredmedia":[{"embeddable":true,"href":"https:\/\/lucacastelli.com\/de\/wp-json\/wp\/v2\/media\/587316"}],"wp:attachment":[{"href":"https:\/\/lucacastelli.com\/de\/wp-json\/wp\/v2\/media?parent=612991"}],"wp:term":[{"taxonomy":"product_brand","embeddable":true,"href":"https:\/\/lucacastelli.com\/de\/wp-json\/wp\/v2\/product_brand?post=612991"},{"taxonomy":"product_cat","embeddable":true,"href":"https:\/\/lucacastelli.com\/de\/wp-json\/wp\/v2\/product_cat?post=612991"},{"taxonomy":"product_tag","embeddable":true,"href":"https:\/\/lucacastelli.com\/de\/wp-json\/wp\/v2\/product_tag?post=612991"}],"curies":[{"name":"wp","href":"https:\/\/api.w.org\/{rel}","templated":true}]}}