{"id":612983,"date":"2025-08-10T18:24:05","date_gmt":"2025-08-10T16:24:05","guid":{"rendered":"https:\/\/lucacastelli.com\/prodotto\/milwaukee-fuel-wheel-bag-groesse-xl-pocket\/"},"modified":"2025-08-10T18:24:05","modified_gmt":"2025-08-10T16:24:05","slug":"milwaukee-fuel-wheel-bag-groesse-xl-pocket","status":"publish","type":"product","link":"https:\/\/lucacastelli.com\/de\/produkt\/milwaukee-fuel-wheel-bag-groesse-xl-pocket\/","title":{"rendered":"MILWAUKEE FUEL WHEEL BAG GR\u00d6SSE XL POCKET"},"content":{"rendered":"<p>FUEL WHEEL BAG SIZE XL POCKET<br \/>\nStrapazierf\u00e4higes, wasserabweisendes 600-Denier-Material; R\u00e4der, Schultergurt oder zwei Griffe f\u00fcr einfachen Transport; robuster Rei\u00dfverschluss; ideal zum Verstauen von Werkzeug und Zubeh\u00f6r<\/p>\n<p>4933459429<br \/>\n4058546010904<\/p>\n","protected":false},"excerpt":{"rendered":"<p>TREIBSTOFF RAD TASCHE GR\u00d6SSE XL TASCHE<\/p>\n","protected":false},"featured_media":572463,"template":"","meta":{"_seopress_robots_primary_cat":"","_seopress_titles_title":"","_seopress_titles_desc":"","_seopress_robots_index":""},"product_brand":[3407],"product_cat":[5416,33],"product_tag":[3270],"class_list":{"0":"post-612983","1":"product","2":"type-product","3":"status-publish","4":"has-post-thumbnail","6":"product_brand-milwaukee","7":"product_cat-utensili-per-officina","8":"product_cat-attrezzature","9":"product_tag-import-milwau","10":"sws-conto-ricavi-merci-rivendita-macchinari-de","11":"sws-gruppo-iva-iva81-de","13":"first","14":"onbackorder","15":"sale","16":"shipping-taxable","17":"purchasable","18":"product-type-simple"},"_links":{"self":[{"href":"https:\/\/lucacastelli.com\/de\/wp-json\/wp\/v2\/product\/612983","targetHints":{"allow":["GET"]}}],"collection":[{"href":"https:\/\/lucacastelli.com\/de\/wp-json\/wp\/v2\/product"}],"about":[{"href":"https:\/\/lucacastelli.com\/de\/wp-json\/wp\/v2\/types\/product"}],"wp:featuredmedia":[{"embeddable":true,"href":"https:\/\/lucacastelli.com\/de\/wp-json\/wp\/v2\/media\/572463"}],"wp:attachment":[{"href":"https:\/\/lucacastelli.com\/de\/wp-json\/wp\/v2\/media?parent=612983"}],"wp:term":[{"taxonomy":"product_brand","embeddable":true,"href":"https:\/\/lucacastelli.com\/de\/wp-json\/wp\/v2\/product_brand?post=612983"},{"taxonomy":"product_cat","embeddable":true,"href":"https:\/\/lucacastelli.com\/de\/wp-json\/wp\/v2\/product_cat?post=612983"},{"taxonomy":"product_tag","embeddable":true,"href":"https:\/\/lucacastelli.com\/de\/wp-json\/wp\/v2\/product_tag?post=612983"}],"curies":[{"name":"wp","href":"https:\/\/api.w.org\/{rel}","templated":true}]}}