{"id":612979,"date":"2025-08-10T16:53:58","date_gmt":"2025-08-10T14:53:58","guid":{"rendered":"https:\/\/lucacastelli.com\/prodotto\/milwaukee-konische-holzschrauben-7\/"},"modified":"2025-08-10T16:53:58","modified_gmt":"2025-08-10T14:53:58","slug":"milwaukee-konische-holzschrauben-7","status":"publish","type":"product","link":"https:\/\/lucacastelli.com\/de\/produkt\/milwaukee-konische-holzschrauben-7\/","title":{"rendered":"Milwaukee Konische Holzschrauben"},"content":{"rendered":"<p>Holzbohrer SpFeed 16x165mm-1pc<br \/>\nSpitze mit h\u00f6herer Leistung im Vergleich zu einer flachen Mecha &#8211; schnelleres Bohren, l\u00e4ngere Lebensdauer und weniger Ruckeln;Die zwei Schneidez\u00e4hne am Ende des Schlitzes erm\u00f6glichen einen schnelleren und saubereren Schnitt auf allen Arten von Holz (weich, hart, nass und behandelt);Das neue Spitzendesign erm\u00f6glicht ein genaueres und saubereres Loch. Dank dieser Eigenschaften k\u00f6nnen diese Bohrer auch bei Anwendungen auf Hart- und Weichholz, nassem und behandeltem Holz, Sperrholz, Spanplatten, Teak, Buche, Eiche, WPC (Kunststoff-Holz-Verbundwerkstoff), laminierten Balken, Paneelen usw. verwendet werden;Die Nut ist geschliffen und mit einer speziellen Patina beschichtet <\/p>\n<p>4932479472<br \/>\n4058546372668<\/p>\n","protected":false},"excerpt":{"rendered":"<p>Holzbohrer SpFeed 16x165mm-1pc<\/p>\n","protected":false},"featured_media":543908,"template":"","meta":{"_seopress_robots_primary_cat":"","_seopress_titles_title":"","_seopress_titles_desc":"","_seopress_robots_index":""},"product_brand":[3407],"product_cat":[29,549,550],"product_tag":[3270],"class_list":{"0":"post-612979","1":"product","2":"type-product","3":"status-publish","4":"has-post-thumbnail","6":"product_brand-milwaukee","7":"product_cat-macchinari","8":"product_cat-trapani-e-avvitatori","9":"product_cat-accessori-per-trapani-ed-avvitatori","10":"product_tag-import-milwau","11":"sws-conto-ricavi-merci-rivendita-macchinari-de","12":"sws-gruppo-iva-iva81-de","14":"first","15":"onbackorder","16":"sale","17":"shipping-taxable","18":"purchasable","19":"product-type-simple"},"_links":{"self":[{"href":"https:\/\/lucacastelli.com\/de\/wp-json\/wp\/v2\/product\/612979","targetHints":{"allow":["GET"]}}],"collection":[{"href":"https:\/\/lucacastelli.com\/de\/wp-json\/wp\/v2\/product"}],"about":[{"href":"https:\/\/lucacastelli.com\/de\/wp-json\/wp\/v2\/types\/product"}],"wp:featuredmedia":[{"embeddable":true,"href":"https:\/\/lucacastelli.com\/de\/wp-json\/wp\/v2\/media\/543908"}],"wp:attachment":[{"href":"https:\/\/lucacastelli.com\/de\/wp-json\/wp\/v2\/media?parent=612979"}],"wp:term":[{"taxonomy":"product_brand","embeddable":true,"href":"https:\/\/lucacastelli.com\/de\/wp-json\/wp\/v2\/product_brand?post=612979"},{"taxonomy":"product_cat","embeddable":true,"href":"https:\/\/lucacastelli.com\/de\/wp-json\/wp\/v2\/product_cat?post=612979"},{"taxonomy":"product_tag","embeddable":true,"href":"https:\/\/lucacastelli.com\/de\/wp-json\/wp\/v2\/product_tag?post=612979"}],"curies":[{"name":"wp","href":"https:\/\/api.w.org\/{rel}","templated":true}]}}