{"id":612967,"date":"2025-08-10T16:53:56","date_gmt":"2025-08-10T14:53:56","guid":{"rendered":"https:\/\/lucacastelli.com\/prodotto\/milwaukee-flachkopf-holzschneider-36\/"},"modified":"2025-08-10T16:53:56","modified_gmt":"2025-08-10T14:53:56","slug":"milwaukee-flachkopf-holzschneider-36","status":"publish","type":"product","link":"https:\/\/lucacastelli.com\/de\/produkt\/milwaukee-flachkopf-holzschneider-36\/","title":{"rendered":"MILWAUKEE Flachkopf-Holzschneider"},"content":{"rendered":"<p>Holzbohrer Flachbohrer 40x152mm-1St.<br \/>\nErm\u00f6glicht schnelles und effektives Bohren von gro\u00dfen Durchmessern;Optimal f\u00fcr den Einsatz in Weich- und Hartholz, Spanplatten (ideal f\u00fcr Schl\u00f6sser);Ideal f\u00fcr Fensterrahmen und Sanit\u00e4r- oder Elektroinstallationen;1\/4Zoll Sechskantschaft (DIN E 6.3) f\u00fcr die direkte Befestigung am Elektrowerkzeug und sichere Spindelklemmung;Geschliffene Zentrierspitze f\u00fcr pr\u00e4zises Bohren und geschliffene Schneidnasen f\u00fcr verbesserte Bohrleistung<\/p>\n<p>4932479227<br \/>\n4058546370213<\/p>\n","protected":false},"excerpt":{"rendered":"<p>Holzbohrer Flachbit 40x152mm-1pc<\/p>\n","protected":false},"featured_media":543426,"template":"","meta":{"_seopress_robots_primary_cat":"","_seopress_titles_title":"","_seopress_titles_desc":"","_seopress_robots_index":""},"product_brand":[3407],"product_cat":[29,549,550],"product_tag":[3270],"class_list":{"0":"post-612967","1":"product","2":"type-product","3":"status-publish","4":"has-post-thumbnail","6":"product_brand-milwaukee","7":"product_cat-macchinari","8":"product_cat-trapani-e-avvitatori","9":"product_cat-accessori-per-trapani-ed-avvitatori","10":"product_tag-import-milwau","11":"sws-conto-ricavi-merci-rivendita-macchinari-de","12":"sws-gruppo-iva-iva81-de","14":"first","15":"onbackorder","16":"sale","17":"shipping-taxable","18":"purchasable","19":"product-type-simple"},"_links":{"self":[{"href":"https:\/\/lucacastelli.com\/de\/wp-json\/wp\/v2\/product\/612967","targetHints":{"allow":["GET"]}}],"collection":[{"href":"https:\/\/lucacastelli.com\/de\/wp-json\/wp\/v2\/product"}],"about":[{"href":"https:\/\/lucacastelli.com\/de\/wp-json\/wp\/v2\/types\/product"}],"wp:featuredmedia":[{"embeddable":true,"href":"https:\/\/lucacastelli.com\/de\/wp-json\/wp\/v2\/media\/543426"}],"wp:attachment":[{"href":"https:\/\/lucacastelli.com\/de\/wp-json\/wp\/v2\/media?parent=612967"}],"wp:term":[{"taxonomy":"product_brand","embeddable":true,"href":"https:\/\/lucacastelli.com\/de\/wp-json\/wp\/v2\/product_brand?post=612967"},{"taxonomy":"product_cat","embeddable":true,"href":"https:\/\/lucacastelli.com\/de\/wp-json\/wp\/v2\/product_cat?post=612967"},{"taxonomy":"product_tag","embeddable":true,"href":"https:\/\/lucacastelli.com\/de\/wp-json\/wp\/v2\/product_tag?post=612967"}],"curies":[{"name":"wp","href":"https:\/\/api.w.org\/{rel}","templated":true}]}}