{"id":612950,"date":"2025-08-10T16:53:48","date_gmt":"2025-08-10T14:53:48","guid":{"rendered":"https:\/\/lucacastelli.com\/prodotto\/milwaukee-magnetischer-bithalter-4\/"},"modified":"2025-08-10T16:53:48","modified_gmt":"2025-08-10T14:53:48","slug":"milwaukee-magnetischer-bithalter-4","status":"publish","type":"product","link":"https:\/\/lucacastelli.com\/de\/produkt\/milwaukee-magnetischer-bithalter-4\/","title":{"rendered":"MILWAUKEE Magnetischer Bithalter"},"content":{"rendered":"<p>BIT-HALTER MAGN.HEX 1\/4 305 MM -1St.<br \/>\nW\u00e4rmebehandelter Stahl f\u00fcr maximale Festigkeit und Flexibilit\u00e4t; Robuste Konstruktion, die selbst den schwersten Schraubanwendungen standh\u00e4lt; Maximale Dichtigkeit selbst bei schwersten Anwendungen<\/p>\n<p>4932471823<\/p>\n","protected":false},"excerpt":{"rendered":"<p>BIT-HALTER MAGN.HEX 1\/4 305 MM -1St.<\/p>\n","protected":false},"featured_media":537986,"template":"","meta":{"_seopress_robots_primary_cat":"","_seopress_titles_title":"","_seopress_titles_desc":"","_seopress_robots_index":""},"product_brand":[3407],"product_cat":[29,549,550],"product_tag":[3270],"class_list":{"0":"post-612950","1":"product","2":"type-product","3":"status-publish","4":"has-post-thumbnail","6":"product_brand-milwaukee","7":"product_cat-macchinari","8":"product_cat-trapani-e-avvitatori","9":"product_cat-accessori-per-trapani-ed-avvitatori","10":"product_tag-import-milwau","11":"sws-conto-ricavi-merci-rivendita-macchinari-de","12":"sws-gruppo-iva-iva81-de","14":"first","15":"onbackorder","16":"sale","17":"shipping-taxable","18":"purchasable","19":"product-type-simple"},"_links":{"self":[{"href":"https:\/\/lucacastelli.com\/de\/wp-json\/wp\/v2\/product\/612950","targetHints":{"allow":["GET"]}}],"collection":[{"href":"https:\/\/lucacastelli.com\/de\/wp-json\/wp\/v2\/product"}],"about":[{"href":"https:\/\/lucacastelli.com\/de\/wp-json\/wp\/v2\/types\/product"}],"wp:featuredmedia":[{"embeddable":true,"href":"https:\/\/lucacastelli.com\/de\/wp-json\/wp\/v2\/media\/537986"}],"wp:attachment":[{"href":"https:\/\/lucacastelli.com\/de\/wp-json\/wp\/v2\/media?parent=612950"}],"wp:term":[{"taxonomy":"product_brand","embeddable":true,"href":"https:\/\/lucacastelli.com\/de\/wp-json\/wp\/v2\/product_brand?post=612950"},{"taxonomy":"product_cat","embeddable":true,"href":"https:\/\/lucacastelli.com\/de\/wp-json\/wp\/v2\/product_cat?post=612950"},{"taxonomy":"product_tag","embeddable":true,"href":"https:\/\/lucacastelli.com\/de\/wp-json\/wp\/v2\/product_tag?post=612950"}],"curies":[{"name":"wp","href":"https:\/\/api.w.org\/{rel}","templated":true}]}}