{"id":612949,"date":"2025-08-10T16:51:14","date_gmt":"2025-08-10T14:51:14","guid":{"rendered":"https:\/\/lucacastelli.com\/prodotto\/milwaukee-quik-lok-m18-fuel-gartengeraet-2\/"},"modified":"2025-08-10T16:51:14","modified_gmt":"2025-08-10T14:51:14","slug":"milwaukee-quik-lok-m18-fuel-gartengeraet-2","status":"publish","type":"product","link":"https:\/\/lucacastelli.com\/de\/produkt\/milwaukee-quik-lok-m18-fuel-gartengeraet-2\/","title":{"rendered":"Milwaukee QUIK-LOK\u2122 M18 FUEL Gartenger\u00e4t"},"content":{"rendered":"<p>M18 FOPH2-0\/MULTI-TOOL<br \/>\n3 Geschwindigkeitsstufen mit variablem Geschwindigkeitsabzug, geeignet f\u00fcr zahlreiche Anwendungen;Vielseitiges System: Der Motor treibt zahlreiche Verl\u00e4ngerungen f\u00fcr unterschiedliche Anwendungen an;Bietet die M\u00f6glichkeit, zwischen den Aufs\u00e4tzen zu wechseln, um eine Vielzahl von Anwendungen zu erledigen;Volle Beschleunigung in weniger als 1 Sekunde f\u00fcr sofortige Kraftentfaltung;Verstellbarer Zusatzhandgriff, Riemen und Tragering erm\u00f6glichen es, das Werkzeug f\u00fcr maximalen Benutzerkomfort und Kontrolle einzurichten;FUEL Technologie definiert schnurlose Elektrowerkzeuge neu. Der b\u00fcrstenlose Motor, die REDLINK PLUS\u2122-Elektronik und der REDLITHIUM\u2122-Akku sorgen f\u00fcr \u00fcberlegene Leistung und Langlebigkeit;Funktioniert mit allen M18 Milwaukee\u00ae-Akkus <\/p>\n<p>4933492662<br \/>\n4058546414122<\/p>\n","protected":false},"excerpt":{"rendered":"<p>M18 FOPH2-0\/MULTI-TOOL<\/p>\n","protected":false},"featured_media":583962,"template":"","meta":{"_seopress_robots_primary_cat":"","_seopress_titles_title":"","_seopress_titles_desc":"","_seopress_robots_index":""},"product_brand":[3656],"product_cat":[1639,169],"product_tag":[3272],"class_list":{"0":"post-612949","1":"product","2":"type-product","3":"status-publish","4":"has-post-thumbnail","6":"product_brand-milwaukee-de","7":"product_cat-kombi-und-multi-systeme","8":"product_cat-maschinen","9":"product_tag-import-milwau-de","10":"sws-conto-ricavi-merci-rivendita-macchinari-de","11":"sws-gruppo-iva-iva81-de","13":"first","14":"onbackorder","15":"sale","16":"shipping-taxable","17":"purchasable","18":"product-type-simple"},"_links":{"self":[{"href":"https:\/\/lucacastelli.com\/de\/wp-json\/wp\/v2\/product\/612949","targetHints":{"allow":["GET"]}}],"collection":[{"href":"https:\/\/lucacastelli.com\/de\/wp-json\/wp\/v2\/product"}],"about":[{"href":"https:\/\/lucacastelli.com\/de\/wp-json\/wp\/v2\/types\/product"}],"wp:featuredmedia":[{"embeddable":true,"href":"https:\/\/lucacastelli.com\/de\/wp-json\/wp\/v2\/media\/583962"}],"wp:attachment":[{"href":"https:\/\/lucacastelli.com\/de\/wp-json\/wp\/v2\/media?parent=612949"}],"wp:term":[{"taxonomy":"product_brand","embeddable":true,"href":"https:\/\/lucacastelli.com\/de\/wp-json\/wp\/v2\/product_brand?post=612949"},{"taxonomy":"product_cat","embeddable":true,"href":"https:\/\/lucacastelli.com\/de\/wp-json\/wp\/v2\/product_cat?post=612949"},{"taxonomy":"product_tag","embeddable":true,"href":"https:\/\/lucacastelli.com\/de\/wp-json\/wp\/v2\/product_tag?post=612949"}],"curies":[{"name":"wp","href":"https:\/\/api.w.org\/{rel}","templated":true}]}}