{"id":612936,"date":"2025-08-10T16:51:12","date_gmt":"2025-08-10T14:51:12","guid":{"rendered":"https:\/\/lucacastelli.com\/prodotto\/milwaukee-hubgeraet-fuer-m18-foph-garten-multi-tool\/"},"modified":"2025-08-10T16:51:12","modified_gmt":"2025-08-10T14:51:12","slug":"milwaukee-hubgeraet-fuer-m18-foph-garten-multi-tool","status":"publish","type":"product","link":"https:\/\/lucacastelli.com\/de\/produkt\/milwaukee-hubgeraet-fuer-m18-foph-garten-multi-tool\/","title":{"rendered":"Milwaukee-Hubger\u00e4t f\u00fcr M18 FOPH Garten-Multi-Tool"},"content":{"rendered":"<p>M18 FOPH-RA \/MULTI-TOOL<br \/>\nEr erreicht Pr\u00e4zision und Vielseitigkeit und erm\u00f6glicht es dir, sicher um Hindernisse herum zu schneiden, perfekte r\u00fcckstandsfreie R\u00e4nder zu schaffen und m\u00fchelos B\u00fcsche und leichte Str\u00e4ucher zu entfernen;Arbeitet mit zwei gegenl\u00e4ufigen Klingen, die das Hochheben von Gegenst\u00e4nden verhindern und ein sicheres Arbeiten in engen R\u00e4umen und in der N\u00e4he von Fahrzeugen gew\u00e4hrleisten;Die Schnittbreite von 23 cm optimiert den Arbeitsablauf und erm\u00f6glicht ein effizientes und pr\u00e4zises Trimmen;Speziell f\u00fcr die Beseitigung von Unkraut auf Kies und gepflasterten Fl\u00e4chen entwickelt;Maximaler Schutz f\u00fcr den Benutzer, auch durch den integrierten Fu\u00dfschutz;Ausgestattet mit einer Schutzabdeckung, die zus\u00e4tzlichen Schutz bietet und die Lagerung und den Transport erleichtert;Pendelverl\u00e4ngerung f\u00fcr das M18 BAG Garten-Multitool<\/p>\n<p>4932492669<br \/>\n4058546475406<\/p>\n","protected":false},"excerpt":{"rendered":"<p>M18 FOPH-RA \/MULTI-TOOL<\/p>\n","protected":false},"featured_media":557892,"template":"","meta":{"_seopress_robots_primary_cat":"","_seopress_titles_title":"","_seopress_titles_desc":"","_seopress_robots_index":""},"product_brand":[3656],"product_cat":[1639,169],"product_tag":[3272],"class_list":{"0":"post-612936","1":"product","2":"type-product","3":"status-publish","4":"has-post-thumbnail","6":"product_brand-milwaukee-de","7":"product_cat-kombi-und-multi-systeme","8":"product_cat-maschinen","9":"product_tag-import-milwau-de","10":"sws-conto-ricavi-merci-rivendita-macchinari-de","11":"sws-gruppo-iva-iva81-de","13":"first","14":"onbackorder","15":"sale","16":"shipping-taxable","17":"purchasable","18":"product-type-simple"},"_links":{"self":[{"href":"https:\/\/lucacastelli.com\/de\/wp-json\/wp\/v2\/product\/612936","targetHints":{"allow":["GET"]}}],"collection":[{"href":"https:\/\/lucacastelli.com\/de\/wp-json\/wp\/v2\/product"}],"about":[{"href":"https:\/\/lucacastelli.com\/de\/wp-json\/wp\/v2\/types\/product"}],"wp:featuredmedia":[{"embeddable":true,"href":"https:\/\/lucacastelli.com\/de\/wp-json\/wp\/v2\/media\/557892"}],"wp:attachment":[{"href":"https:\/\/lucacastelli.com\/de\/wp-json\/wp\/v2\/media?parent=612936"}],"wp:term":[{"taxonomy":"product_brand","embeddable":true,"href":"https:\/\/lucacastelli.com\/de\/wp-json\/wp\/v2\/product_brand?post=612936"},{"taxonomy":"product_cat","embeddable":true,"href":"https:\/\/lucacastelli.com\/de\/wp-json\/wp\/v2\/product_cat?post=612936"},{"taxonomy":"product_tag","embeddable":true,"href":"https:\/\/lucacastelli.com\/de\/wp-json\/wp\/v2\/product_tag?post=612936"}],"curies":[{"name":"wp","href":"https:\/\/api.w.org\/{rel}","templated":true}]}}