{"id":612928,"date":"2025-08-10T16:22:47","date_gmt":"2025-08-10T14:22:47","guid":{"rendered":"https:\/\/lucacastelli.com\/prodotto\/milwaukee-senkfuss-fuer-m18-fr12-fraesmaschine\/"},"modified":"2025-08-10T16:22:47","modified_gmt":"2025-08-10T14:22:47","slug":"milwaukee-senkfuss-fuer-m18-fr12-fraesmaschine","status":"publish","type":"product","link":"https:\/\/lucacastelli.com\/de\/produkt\/milwaukee-senkfuss-fuer-m18-fr12-fraesmaschine\/","title":{"rendered":"Milwaukee Senkfu\u00df f\u00fcr M18 FR12 Fr\u00e4smaschine"},"content":{"rendered":"<p>RBA-1\/ACC SIST MILLING MACHINE<br \/>\nVersenkter Sockel f\u00fcr Fr\u00e4smaschine M18 FR12<\/p>\n<p>4932493307<br \/>\n4058546481780<\/p>\n","protected":false},"excerpt":{"rendered":"<p>RBA-1\/ACC SIST FR\u00c4SMASCHINEN<\/p>\n","protected":false},"featured_media":561979,"template":"","meta":{"_seopress_robots_primary_cat":"","_seopress_titles_title":"","_seopress_titles_desc":"","_seopress_robots_index":""},"product_brand":[3656],"product_cat":[5534,169],"product_tag":[3272],"class_list":{"0":"post-612928","1":"product","2":"type-product","3":"status-publish","4":"has-post-thumbnail","6":"product_brand-milwaukee-de","7":"product_cat-verschiedene-maschinen-von-milwaukee","8":"product_cat-maschinen","9":"product_tag-import-milwau-de","10":"sws-conto-ricavi-merci-rivendita-macchinari-de","11":"sws-gruppo-iva-iva81-de","13":"first","14":"onbackorder","15":"sale","16":"shipping-taxable","17":"purchasable","18":"product-type-simple"},"_links":{"self":[{"href":"https:\/\/lucacastelli.com\/de\/wp-json\/wp\/v2\/product\/612928","targetHints":{"allow":["GET"]}}],"collection":[{"href":"https:\/\/lucacastelli.com\/de\/wp-json\/wp\/v2\/product"}],"about":[{"href":"https:\/\/lucacastelli.com\/de\/wp-json\/wp\/v2\/types\/product"}],"wp:featuredmedia":[{"embeddable":true,"href":"https:\/\/lucacastelli.com\/de\/wp-json\/wp\/v2\/media\/561979"}],"wp:attachment":[{"href":"https:\/\/lucacastelli.com\/de\/wp-json\/wp\/v2\/media?parent=612928"}],"wp:term":[{"taxonomy":"product_brand","embeddable":true,"href":"https:\/\/lucacastelli.com\/de\/wp-json\/wp\/v2\/product_brand?post=612928"},{"taxonomy":"product_cat","embeddable":true,"href":"https:\/\/lucacastelli.com\/de\/wp-json\/wp\/v2\/product_cat?post=612928"},{"taxonomy":"product_tag","embeddable":true,"href":"https:\/\/lucacastelli.com\/de\/wp-json\/wp\/v2\/product_tag?post=612928"}],"curies":[{"name":"wp","href":"https:\/\/api.w.org\/{rel}","templated":true}]}}