{"id":612926,"date":"2025-08-10T16:10:30","date_gmt":"2025-08-10T14:10:30","guid":{"rendered":"https:\/\/lucacastelli.com\/prodotto\/milwaukee-flexometer-stud-serie-2\/"},"modified":"2025-08-10T16:10:30","modified_gmt":"2025-08-10T14:10:30","slug":"milwaukee-flexometer-stud-serie-2","status":"publish","type":"product","link":"https:\/\/lucacastelli.com\/de\/produkt\/milwaukee-flexometer-stud-serie-2\/","title":{"rendered":"Milwaukee Flexometer &#8211; STUD\u2122 Serie"},"content":{"rendered":"<p>STUD FLEXOMETER 5 m (metrisch) 1 St.<br \/>\nDie EXO 360\u2122-Bandtechnologie sorgt f\u00fcr eine h\u00f6here Rei\u00df- und Verschlei\u00dffestigkeit; ein Magnet mit hoher Anziehungskraft erm\u00f6glicht eine einfache Befestigung an flachen und runden Oberfl\u00e4chen; das Band l\u00e4sst sich bis zu 4 m dehnen, bevor es sich biegt; eine Anti-Bruch-Beschichtung verst\u00e4rkt die ersten 15 cm des BandesDoppelseitig bedrucktes Band f\u00fcr bessere Sichtbarkeit und Ablesbarkeit w\u00e4hrend der Anwendung;Fingerstopp, sch\u00fctzt die Finger und erm\u00f6glicht maximale Kontrolle \u00fcber das Band w\u00e4hrend des Zur\u00fcckspulens;ABS-verst\u00e4rktes Geh\u00e4use, um St\u00f6\u00dfen zu widerstehen und l\u00e4nger zu halten;Clip zum Befestigen des Flexometers an deinem G\u00fcrtel;Vorrichtung f\u00fcr ein Schl\u00fcsselband;Klasse II Genauigkeit<\/p>\n<p>4932471626<br \/>\n4058546295257<\/p>\n","protected":false},"excerpt":{"rendered":"<p>STUD FLEXOMETER 5 m (metrisch) 1 St.<\/p>\n","protected":false},"featured_media":537427,"template":"","meta":{"_seopress_robots_primary_cat":"","_seopress_titles_title":"","_seopress_titles_desc":"","_seopress_robots_index":""},"product_brand":[3407],"product_cat":[29,514,551],"product_tag":[3270],"class_list":{"0":"post-612926","1":"product","2":"type-product","3":"status-publish","4":"has-post-thumbnail","6":"product_brand-milwaukee","7":"product_cat-macchinari","8":"product_cat-altri-dispositivi","9":"product_cat-apparecchi-di-misurazione","10":"product_tag-import-milwau","11":"sws-conto-ricavi-merci-rivendita-macchinari-de","12":"sws-gruppo-iva-iva81-de","14":"first","15":"onbackorder","16":"shipping-taxable","17":"purchasable","18":"product-type-simple"},"_links":{"self":[{"href":"https:\/\/lucacastelli.com\/de\/wp-json\/wp\/v2\/product\/612926","targetHints":{"allow":["GET"]}}],"collection":[{"href":"https:\/\/lucacastelli.com\/de\/wp-json\/wp\/v2\/product"}],"about":[{"href":"https:\/\/lucacastelli.com\/de\/wp-json\/wp\/v2\/types\/product"}],"wp:featuredmedia":[{"embeddable":true,"href":"https:\/\/lucacastelli.com\/de\/wp-json\/wp\/v2\/media\/537427"}],"wp:attachment":[{"href":"https:\/\/lucacastelli.com\/de\/wp-json\/wp\/v2\/media?parent=612926"}],"wp:term":[{"taxonomy":"product_brand","embeddable":true,"href":"https:\/\/lucacastelli.com\/de\/wp-json\/wp\/v2\/product_brand?post=612926"},{"taxonomy":"product_cat","embeddable":true,"href":"https:\/\/lucacastelli.com\/de\/wp-json\/wp\/v2\/product_cat?post=612926"},{"taxonomy":"product_tag","embeddable":true,"href":"https:\/\/lucacastelli.com\/de\/wp-json\/wp\/v2\/product_tag?post=612926"}],"curies":[{"name":"wp","href":"https:\/\/api.w.org\/{rel}","templated":true}]}}