{"id":612917,"date":"2025-08-10T16:10:26","date_gmt":"2025-08-10T14:10:26","guid":{"rendered":"https:\/\/lucacastelli.com\/prodotto\/milwaukee-flexometer-wide-blade-serie-2\/"},"modified":"2025-08-10T16:10:26","modified_gmt":"2025-08-10T14:10:26","slug":"milwaukee-flexometer-wide-blade-serie-2","status":"publish","type":"product","link":"https:\/\/lucacastelli.com\/de\/produkt\/milwaukee-flexometer-wide-blade-serie-2\/","title":{"rendered":"Milwaukee Flexometer &#8211; WIDE BLADE Serie"},"content":{"rendered":"<p>WIDE BLADE FLEXOMETER 8 m (metrisch) 1 St.<br \/>\nFreitragende \u00d6ffnung bis zu 4 m; Band mit Nylonbeschichtung; Band mit beidseitig aufgedruckter Skala; Geh\u00e4use an 5 Stellen f\u00fcr Langlebigkeit verst\u00e4rkt;Fingerstopp, sch\u00fctzt die Finger und erm\u00f6glicht maximale Kontrolle \u00fcber das Band beim Zur\u00fcckspulen; praktischer G\u00fcrtelhaken; Nylonbandabdeckung, um den Verschlei\u00df des Bandes zu verringern; Vorrichtung f\u00fcr Auffanggurt<\/p>\n<p>4932471816<br \/>\n4058546297152<\/p>\n","protected":false},"excerpt":{"rendered":"<p>FLYOMETER WIDE BLADE 8 m (metrisch) 1 St.<\/p>\n","protected":false},"featured_media":537956,"template":"","meta":{"_seopress_robots_primary_cat":"","_seopress_titles_title":"","_seopress_titles_desc":"","_seopress_robots_index":""},"product_brand":[3407],"product_cat":[29,514,551],"product_tag":[3270],"class_list":{"0":"post-612917","1":"product","2":"type-product","3":"status-publish","4":"has-post-thumbnail","6":"product_brand-milwaukee","7":"product_cat-macchinari","8":"product_cat-altri-dispositivi","9":"product_cat-apparecchi-di-misurazione","10":"product_tag-import-milwau","11":"sws-conto-ricavi-merci-rivendita-macchinari-de","12":"sws-gruppo-iva-iva81-de","14":"first","15":"onbackorder","16":"shipping-taxable","17":"purchasable","18":"product-type-simple"},"_links":{"self":[{"href":"https:\/\/lucacastelli.com\/de\/wp-json\/wp\/v2\/product\/612917","targetHints":{"allow":["GET"]}}],"collection":[{"href":"https:\/\/lucacastelli.com\/de\/wp-json\/wp\/v2\/product"}],"about":[{"href":"https:\/\/lucacastelli.com\/de\/wp-json\/wp\/v2\/types\/product"}],"wp:featuredmedia":[{"embeddable":true,"href":"https:\/\/lucacastelli.com\/de\/wp-json\/wp\/v2\/media\/537956"}],"wp:attachment":[{"href":"https:\/\/lucacastelli.com\/de\/wp-json\/wp\/v2\/media?parent=612917"}],"wp:term":[{"taxonomy":"product_brand","embeddable":true,"href":"https:\/\/lucacastelli.com\/de\/wp-json\/wp\/v2\/product_brand?post=612917"},{"taxonomy":"product_cat","embeddable":true,"href":"https:\/\/lucacastelli.com\/de\/wp-json\/wp\/v2\/product_cat?post=612917"},{"taxonomy":"product_tag","embeddable":true,"href":"https:\/\/lucacastelli.com\/de\/wp-json\/wp\/v2\/product_tag?post=612917"}],"curies":[{"name":"wp","href":"https:\/\/api.w.org\/{rel}","templated":true}]}}