{"id":612915,"date":"2025-08-10T15:44:23","date_gmt":"2025-08-10T13:44:23","guid":{"rendered":"https:\/\/lucacastelli.com\/prodotto\/milwaukee-m18-led-bauleuchte-mit-3-multidirektionalen-akku-stromkoepfen\/"},"modified":"2025-08-10T15:44:23","modified_gmt":"2025-08-10T13:44:23","slug":"milwaukee-m18-led-bauleuchte-mit-3-multidirektionalen-akku-stromkoepfen","status":"publish","type":"product","link":"https:\/\/lucacastelli.com\/de\/produkt\/milwaukee-m18-led-bauleuchte-mit-3-multidirektionalen-akku-stromkoepfen\/","title":{"rendered":"Milwaukee M18 LED-Bauleuchte mit 3 multidirektionalen Akku-\/Stromk\u00f6pfen"},"content":{"rendered":"<p>M18 MDTL-0\/BELEUCHTUNG<br \/>\n4.500 Lumen TRUEVIEW\u2122 High Definition Lighting: Bietet maximale Farbgenauigkeit, einen optimierten Lichtstrahl und eine originalgetreue Darstellung von Farben und Details;3 individuell einstellbare K\u00f6pfe f\u00fcr mehr oder weniger fokussierte Beleuchtung;9 Beleuchtungsmodi je nach Anzahl der eingeschalteten K\u00f6pfe und deren Helligkeit, von 1.200 bis 4.500 Lumen (3 bis 11 Stunden Autonomie mit M18 B5-Akku);Einfacher und vielseitiger Aufbau: Magnetfu\u00df, integrierter Haken und L\u00f6cher zum Festnageln;K\u00f6pfe um bis zu 270 Grad horizontal und 270 Grad vertikal drehbar, um das Licht dorthin zu lenken, wo es gebraucht wird;Seitliche Griffe, die das Tragen des Scheinwerfers erleichtern und maximale Sturzsicherheit gew\u00e4hrleisten;Langlebiger Baustellenscheinwerfer h\u00e4lt St\u00fcrze aus 2 Metern H\u00f6he aus und die K\u00f6pfe klappen nach innen, wenn er getragen werden muss, um die LEDs zu sch\u00fctzen;Funktioniert mit allen Milwaukee M18-Akkus;Hybridbetrieb: M18-Akku oder Strom<\/p>\n<p>4933498149<br \/>\n4058546513092<\/p>\n","protected":false},"excerpt":{"rendered":"<p>M18 MDTL-0\/BELEUCHTUNG<\/p>\n","protected":false},"featured_media":587219,"template":"","meta":{"_seopress_robots_primary_cat":"","_seopress_titles_title":"","_seopress_titles_desc":"","_seopress_robots_index":""},"product_brand":[3656],"product_cat":[5534,169],"product_tag":[3272],"class_list":{"0":"post-612915","1":"product","2":"type-product","3":"status-publish","4":"has-post-thumbnail","6":"product_brand-milwaukee-de","7":"product_cat-verschiedene-maschinen-von-milwaukee","8":"product_cat-maschinen","9":"product_tag-import-milwau-de","10":"sws-conto-ricavi-merci-rivendita-macchinari-de","11":"sws-gruppo-iva-iva81-de","13":"first","14":"onbackorder","15":"sale","16":"shipping-taxable","17":"purchasable","18":"product-type-simple"},"_links":{"self":[{"href":"https:\/\/lucacastelli.com\/de\/wp-json\/wp\/v2\/product\/612915","targetHints":{"allow":["GET"]}}],"collection":[{"href":"https:\/\/lucacastelli.com\/de\/wp-json\/wp\/v2\/product"}],"about":[{"href":"https:\/\/lucacastelli.com\/de\/wp-json\/wp\/v2\/types\/product"}],"wp:featuredmedia":[{"embeddable":true,"href":"https:\/\/lucacastelli.com\/de\/wp-json\/wp\/v2\/media\/587219"}],"wp:attachment":[{"href":"https:\/\/lucacastelli.com\/de\/wp-json\/wp\/v2\/media?parent=612915"}],"wp:term":[{"taxonomy":"product_brand","embeddable":true,"href":"https:\/\/lucacastelli.com\/de\/wp-json\/wp\/v2\/product_brand?post=612915"},{"taxonomy":"product_cat","embeddable":true,"href":"https:\/\/lucacastelli.com\/de\/wp-json\/wp\/v2\/product_cat?post=612915"},{"taxonomy":"product_tag","embeddable":true,"href":"https:\/\/lucacastelli.com\/de\/wp-json\/wp\/v2\/product_tag?post=612915"}],"curies":[{"name":"wp","href":"https:\/\/api.w.org\/{rel}","templated":true}]}}