{"id":612914,"date":"2025-08-10T14:51:35","date_gmt":"2025-08-10T12:51:35","guid":{"rendered":"https:\/\/lucacastelli.com\/prodotto\/milwaukee-fallschutzschnuere-2\/"},"modified":"2025-08-10T14:51:35","modified_gmt":"2025-08-10T12:51:35","slug":"milwaukee-fallschutzschnuere-2","status":"publish","type":"product","link":"https:\/\/lucacastelli.com\/de\/produkt\/milwaukee-fallschutzschnuere-2\/","title":{"rendered":"Milwaukee Fallschutzschn\u00fcre"},"content":{"rendered":"<p>ANTIC DOUBLE MOSCHET LACELET 4.5KG -1pcs<br \/>\nDank der sto\u00dfd\u00e4mpfenden Kapazit\u00e4t des Bandes prallt das Werkzeug nicht zur\u00fcck und verlangsamt seinen Sturz allm\u00e4hlich, bis es zum Stillstand kommt;Karabiner mit doppelter Verriegelung f\u00fcr einen schnellen Wechsel des eingeh\u00e4ngten Werkzeugs;Schnellverschlusskarabiner mit Dreh\u00f6se verhindert ein Verheddern und verbessert die Beweglichkeit des Bedieners;Unterschiedliche Farbgebung kennzeichnet die maximale Haltekapazit\u00e4t des Bandes;Hohe Vielseitigkeit: Dank des Verbindungsmittel-Zubeh\u00f6rs ist es m\u00f6glich, alle Werkzeuge zu verbinden<\/p>\n<p>4932471429<br \/>\n4058546290573<\/p>\n","protected":false},"excerpt":{"rendered":"<p>ANTIC DOPPELMOSCHET 4,5KG -1St.<\/p>\n","protected":false},"featured_media":536327,"template":"","meta":{"_seopress_robots_primary_cat":"","_seopress_titles_title":"","_seopress_titles_desc":"","_seopress_robots_index":""},"product_brand":[3407],"product_cat":[5416,33],"product_tag":[3270],"class_list":{"0":"post-612914","1":"product","2":"type-product","3":"status-publish","4":"has-post-thumbnail","6":"product_brand-milwaukee","7":"product_cat-utensili-per-officina","8":"product_cat-attrezzature","9":"product_tag-import-milwau","10":"sws-conto-ricavi-merci-rivendita-macchinari-de","11":"sws-gruppo-iva-iva81-de","13":"first","14":"onbackorder","15":"sale","16":"shipping-taxable","17":"purchasable","18":"product-type-simple"},"_links":{"self":[{"href":"https:\/\/lucacastelli.com\/de\/wp-json\/wp\/v2\/product\/612914","targetHints":{"allow":["GET"]}}],"collection":[{"href":"https:\/\/lucacastelli.com\/de\/wp-json\/wp\/v2\/product"}],"about":[{"href":"https:\/\/lucacastelli.com\/de\/wp-json\/wp\/v2\/types\/product"}],"wp:featuredmedia":[{"embeddable":true,"href":"https:\/\/lucacastelli.com\/de\/wp-json\/wp\/v2\/media\/536327"}],"wp:attachment":[{"href":"https:\/\/lucacastelli.com\/de\/wp-json\/wp\/v2\/media?parent=612914"}],"wp:term":[{"taxonomy":"product_brand","embeddable":true,"href":"https:\/\/lucacastelli.com\/de\/wp-json\/wp\/v2\/product_brand?post=612914"},{"taxonomy":"product_cat","embeddable":true,"href":"https:\/\/lucacastelli.com\/de\/wp-json\/wp\/v2\/product_cat?post=612914"},{"taxonomy":"product_tag","embeddable":true,"href":"https:\/\/lucacastelli.com\/de\/wp-json\/wp\/v2\/product_tag?post=612914"}],"curies":[{"name":"wp","href":"https:\/\/api.w.org\/{rel}","templated":true}]}}