{"id":612908,"date":"2025-08-10T14:51:11","date_gmt":"2025-08-10T12:51:11","guid":{"rendered":"https:\/\/lucacastelli.com\/prodotto\/milwaukee-handwerkzeuge-starter-set-30tlg\/"},"modified":"2025-08-10T14:51:11","modified_gmt":"2025-08-10T12:51:11","slug":"milwaukee-handwerkzeuge-starter-set-30tlg","status":"publish","type":"product","link":"https:\/\/lucacastelli.com\/de\/produkt\/milwaukee-handwerkzeuge-starter-set-30tlg\/","title":{"rendered":"Milwaukee Handwerkzeuge Starter Set 30tlg."},"content":{"rendered":"<p>Hand Tools Starter Set 30pc<br \/>\n4932498480: Werkzeugkasten;4932459097:Verst\u00e4rkte &#8221;Seltene Erden&#8221;-Magnete f\u00fcr erh\u00f6hte Magnetst\u00e4rke;Breite Sichtblase mit Neigungsanzeige;Verst\u00e4rkte Acryl-Libelle bietet maximale Haltbarkeit und Ablesbarkeit;Ausgleichsschlitz f\u00fcr einfaches Messen an geschwei\u00dften Rohrverbindungen;V-optimiertes Design f\u00fcr maximale Stabilit\u00e4t an Nichteisenrohren;Metrische Skala mit Lasersiebdruck f\u00fcr einfache Materialmessung;Kompaktes, konisches Design f\u00fcr einfache Aufbewahrung in Taschen und Werkzeugk\u00e4sten;48227410:R\u00e4ndelrad f\u00fcr maximale Pr\u00e4zision und Halt. Die Backe kehrt nach der Einstellung nicht zur\u00fcck;Verchromt f\u00fcr besseren Schutz vor Rost;Ergonomisches Griffdesign. Abgerundet f\u00fcr maximalen Komfort bei der Anwendung;D\u00fcnner Kopf f\u00fcr das Erreichen enger Bereiche;Parallele Backen;Lasergedruckte Zoll\/mm f\u00fcr maximale Pr\u00e4zision;Spezielles Schn\u00fcrloch;4932492458:Doppelt gezahnte Backen f\u00fcr maximalen Grip;Induktionsgeh\u00e4rtete Backen mit selbstsichernder Verriegelung f\u00fcr ein sicheres Abrutschen;Integrierte Nagelhalterung;Design garantiert hohe Festigkeit und Greiff\u00e4higkeit;Druckknopf f\u00fcr schnelle und pr\u00e4zise Einstellungen;Gesch\u00fctzte Finger an jedem Einstellpunkt der Zahnstange;4932492773:Set enth\u00e4lt: Universalzange 180mm, Seitenschneider 160mm, Spitzzange 205mm;48221961:Metallklingeneinstellblock, der eine bis zu 4-mal l\u00e4ngere Lebensdauer erm\u00f6glicht;Klingeneinstellung bis zu 2-mal schneller dank \u00fcbergro\u00dfem Block;Schneller und einfacher Klingenwechsel;Gummiert f\u00fcr mehr Komfort und hohen Grip bei der Anwendung;Hartmetallklinge, die eine bis zu 2-mal l\u00e4ngere Lebensdauer als die klassische Klinge erm\u00f6glicht, f\u00fcr hohe Schnittpr\u00e4zision und einen sauberen Schnitt;48220012:Schl\u00fcsselloser Klingenwechsel, der bis zu 10-mal schneller ist; kompaktes Design, ideal f\u00fcr den Einsatz in engen R\u00e4umen; einstellbare Klingenl\u00e4nge f\u00fcr einfaches b\u00fcndiges Schneiden; gummierter Griff f\u00fcr verbesserten Benutzerkomfort und Sicherheit; verwendbar mit 12Zoll-Klingen; 4932464664:Autolock-Bremse: Das Band verriegelt automatisch, sobald es herausgezogen wird;Nylonbeschichtung f\u00fcr zus\u00e4tzlichen Schutz vor Schmutz, Staub und Wasser;5-Punkt-verst\u00e4rkter Rahmen;ABS-Geh\u00e4use mit Softgrip f\u00fcr zus\u00e4tzlichen Komfort und Haltbarkeit;Ergonomischeres und kompakteres Design;G\u00fcrtelclip;Genauigkeitsklasse II;4932471808:Extrem handlicher Griff, der dem Benutzer eine bequeme und schnelle Nutzung w\u00e4hrend der Anwendung erm\u00f6glicht;Kennzeichnungen sind immer gut sichtbar, um den Schraubendreher leicht identifizieren zu k\u00f6nnen;Loch zum Befestigen des Schraubendrehers an Sicherheitsschn\u00fcren;Spitze aus extrem haltbarem und praktischem magnetischem Material;Dreiseitiger Griff, damit der Schraubendreher nicht durch die H\u00e4nde rutscht;Sechskantklinge, um den Schraubenschl\u00fcssel f\u00fcr eine gr\u00f6\u00dfere Hebelwirkung einsetzen zu k\u00f6nnen;4932492399:Drehbares und abschlie\u00dfbares Etui f\u00fcr einfachen Zugang zu den Schl\u00fcsseln;Kugelf\u00f6rmiges Ende f\u00fcr Schraubenzugang bis zu 30\u00b0;Auf dem Etui aufgedruckte Durchmesser zur einfachen Identifizierung;Vorrichtung f\u00fcr Schl\u00fcsselband;4932478667:Griff aus Walnussholz, der f\u00fcr mehr Widerstand gegen Vibrationen sorgt;Verst\u00e4rkter Kopf f\u00fcr mehr Haltbarkeit;Perfekte Balance;DIN 1041  <\/p>\n<p>4932498392<br \/>\n4058546522612<\/p>\n","protected":false},"excerpt":{"rendered":"<p>Handwerkzeug Starter Set 30tlg.<\/p>\n","protected":false},"featured_media":567361,"template":"","meta":{"_seopress_robots_primary_cat":"","_seopress_titles_title":"","_seopress_titles_desc":"","_seopress_robots_index":""},"product_brand":[3407],"product_cat":[5416,33],"product_tag":[3270],"class_list":{"0":"post-612908","1":"product","2":"type-product","3":"status-publish","4":"has-post-thumbnail","6":"product_brand-milwaukee","7":"product_cat-utensili-per-officina","8":"product_cat-attrezzature","9":"product_tag-import-milwau","10":"sws-conto-ricavi-merci-rivendita-macchinari-de","11":"sws-gruppo-iva-iva81-de","13":"first","14":"onbackorder","15":"sale","16":"shipping-taxable","17":"purchasable","18":"product-type-simple"},"_links":{"self":[{"href":"https:\/\/lucacastelli.com\/de\/wp-json\/wp\/v2\/product\/612908","targetHints":{"allow":["GET"]}}],"collection":[{"href":"https:\/\/lucacastelli.com\/de\/wp-json\/wp\/v2\/product"}],"about":[{"href":"https:\/\/lucacastelli.com\/de\/wp-json\/wp\/v2\/types\/product"}],"wp:featuredmedia":[{"embeddable":true,"href":"https:\/\/lucacastelli.com\/de\/wp-json\/wp\/v2\/media\/567361"}],"wp:attachment":[{"href":"https:\/\/lucacastelli.com\/de\/wp-json\/wp\/v2\/media?parent=612908"}],"wp:term":[{"taxonomy":"product_brand","embeddable":true,"href":"https:\/\/lucacastelli.com\/de\/wp-json\/wp\/v2\/product_brand?post=612908"},{"taxonomy":"product_cat","embeddable":true,"href":"https:\/\/lucacastelli.com\/de\/wp-json\/wp\/v2\/product_cat?post=612908"},{"taxonomy":"product_tag","embeddable":true,"href":"https:\/\/lucacastelli.com\/de\/wp-json\/wp\/v2\/product_tag?post=612908"}],"curies":[{"name":"wp","href":"https:\/\/api.w.org\/{rel}","templated":true}]}}