{"id":612837,"date":"2025-08-10T12:57:41","date_gmt":"2025-08-10T10:57:41","guid":{"rendered":"https:\/\/lucacastelli.com\/prodotto\/milwaukee-15-kg-abbruchhammer-2\/"},"modified":"2025-08-10T12:57:41","modified_gmt":"2025-08-10T10:57:41","slug":"milwaukee-15-kg-abbruchhammer-2","status":"publish","type":"product","link":"https:\/\/lucacastelli.com\/de\/produkt\/milwaukee-15-kg-abbruchhammer-2\/","title":{"rendered":"Milwaukee 15 kg Abbruchhammer"},"content":{"rendered":"<p>K1528H\/DEMOLITOREN UND PERFORATOREN<br \/>\n39 J Schlagenergie f\u00fcr die h\u00e4rtesten Eins\u00e4tze;Innovatives Milwaukee\u00ae AVS-System, das in den Maschinenk\u00f6rper integriert ist, f\u00fcr vibrationsfreies Arbeiten;1560 c\/min f\u00fcr maximale Leistung beim Abbruch;6 m Kabel erm\u00f6glichen das Arbeiten in einem gro\u00dfen Bereich;Spezielles Kohlefenster f\u00fcr einfache Wartung;28-mm-Sechskantschaft;LED-Wartungsstatusanzeige;Koffer auf R\u00e4dern f\u00fcr einfachen Transport<\/p>\n<p>4933464118<br \/>\n4058546220631<\/p>\n","protected":false},"excerpt":{"rendered":"<p>K1528H\/DEMOLIERER UND PERFORIERER<\/p>\n","protected":false},"featured_media":573110,"template":"","meta":{"_seopress_robots_primary_cat":"","_seopress_titles_title":"","_seopress_titles_desc":"","_seopress_robots_index":""},"product_brand":[3407],"product_cat":[5531,29],"product_tag":[3270],"class_list":{"0":"post-612837","1":"product","2":"type-product","3":"status-publish","4":"has-post-thumbnail","6":"product_brand-milwaukee","7":"product_cat-vari-macchinari-milwaukee","8":"product_cat-macchinari","9":"product_tag-import-milwau","10":"sws-conto-ricavi-merci-rivendita-macchinari-de","11":"sws-gruppo-iva-iva81-de","13":"first","14":"onbackorder","15":"sale","16":"shipping-taxable","17":"purchasable","18":"product-type-simple"},"_links":{"self":[{"href":"https:\/\/lucacastelli.com\/de\/wp-json\/wp\/v2\/product\/612837","targetHints":{"allow":["GET"]}}],"collection":[{"href":"https:\/\/lucacastelli.com\/de\/wp-json\/wp\/v2\/product"}],"about":[{"href":"https:\/\/lucacastelli.com\/de\/wp-json\/wp\/v2\/types\/product"}],"wp:featuredmedia":[{"embeddable":true,"href":"https:\/\/lucacastelli.com\/de\/wp-json\/wp\/v2\/media\/573110"}],"wp:attachment":[{"href":"https:\/\/lucacastelli.com\/de\/wp-json\/wp\/v2\/media?parent=612837"}],"wp:term":[{"taxonomy":"product_brand","embeddable":true,"href":"https:\/\/lucacastelli.com\/de\/wp-json\/wp\/v2\/product_brand?post=612837"},{"taxonomy":"product_cat","embeddable":true,"href":"https:\/\/lucacastelli.com\/de\/wp-json\/wp\/v2\/product_cat?post=612837"},{"taxonomy":"product_tag","embeddable":true,"href":"https:\/\/lucacastelli.com\/de\/wp-json\/wp\/v2\/product_tag?post=612837"}],"curies":[{"name":"wp","href":"https:\/\/api.w.org\/{rel}","templated":true}]}}