{"id":612834,"date":"2025-08-10T12:57:42","date_gmt":"2025-08-10T10:57:42","guid":{"rendered":"https:\/\/lucacastelli.com\/prodotto\/milwaukee-15-kg-abbruchhammer\/"},"modified":"2025-08-10T12:57:42","modified_gmt":"2025-08-10T10:57:42","slug":"milwaukee-15-kg-abbruchhammer","status":"publish","type":"product","link":"https:\/\/lucacastelli.com\/de\/produkt\/milwaukee-15-kg-abbruchhammer\/","title":{"rendered":"Milwaukee 15 kg Abbruchhammer"},"content":{"rendered":"<p>K1530H\/DEMOLITOREN UND PERFORATOREN<br \/>\n39 J Schlagenergie f\u00fcr die h\u00e4rtesten Eins\u00e4tze;Innovatives Milwaukee\u00ae AVS-System, das in den Maschinenk\u00f6rper integriert ist, f\u00fcr vibrationsfreies Arbeiten;1560 c\/min f\u00fcr maximale Abbruchleistung;6 m Kabel erm\u00f6glichen das Arbeiten in einem gro\u00dfen Bereich;Spezielles Kohlefenster f\u00fcr einfache Wartung;30 mm Sechskantschaft;LED-Wartungsstatusanzeige;Koffer auf R\u00e4dern f\u00fcr einfachen Transport<\/p>\n<p>4933464117<br \/>\n4058546220624<\/p>\n","protected":false},"excerpt":{"rendered":"<p>K1530H\/DEMOLIERER UND PERFORIERER<\/p>\n","protected":false},"featured_media":573081,"template":"","meta":{"_seopress_robots_primary_cat":"","_seopress_titles_title":"","_seopress_titles_desc":"","_seopress_robots_index":""},"product_brand":[3407],"product_cat":[5531,29],"product_tag":[3270],"class_list":{"0":"post-612834","1":"product","2":"type-product","3":"status-publish","4":"has-post-thumbnail","6":"product_brand-milwaukee","7":"product_cat-vari-macchinari-milwaukee","8":"product_cat-macchinari","9":"product_tag-import-milwau","10":"sws-conto-ricavi-merci-rivendita-macchinari-de","11":"sws-gruppo-iva-iva81-de","13":"first","14":"onbackorder","15":"sale","16":"shipping-taxable","17":"purchasable","18":"product-type-simple"},"_links":{"self":[{"href":"https:\/\/lucacastelli.com\/de\/wp-json\/wp\/v2\/product\/612834","targetHints":{"allow":["GET"]}}],"collection":[{"href":"https:\/\/lucacastelli.com\/de\/wp-json\/wp\/v2\/product"}],"about":[{"href":"https:\/\/lucacastelli.com\/de\/wp-json\/wp\/v2\/types\/product"}],"wp:featuredmedia":[{"embeddable":true,"href":"https:\/\/lucacastelli.com\/de\/wp-json\/wp\/v2\/media\/573081"}],"wp:attachment":[{"href":"https:\/\/lucacastelli.com\/de\/wp-json\/wp\/v2\/media?parent=612834"}],"wp:term":[{"taxonomy":"product_brand","embeddable":true,"href":"https:\/\/lucacastelli.com\/de\/wp-json\/wp\/v2\/product_brand?post=612834"},{"taxonomy":"product_cat","embeddable":true,"href":"https:\/\/lucacastelli.com\/de\/wp-json\/wp\/v2\/product_cat?post=612834"},{"taxonomy":"product_tag","embeddable":true,"href":"https:\/\/lucacastelli.com\/de\/wp-json\/wp\/v2\/product_tag?post=612834"}],"curies":[{"name":"wp","href":"https:\/\/api.w.org\/{rel}","templated":true}]}}