{"id":612831,"date":"2025-08-10T12:57:40","date_gmt":"2025-08-10T10:57:40","guid":{"rendered":"https:\/\/lucacastelli.com\/prodotto\/milwaukee-10-kg-klasse-abbruchhammer-3\/"},"modified":"2025-08-10T12:57:40","modified_gmt":"2025-08-10T10:57:40","slug":"milwaukee-10-kg-klasse-abbruchhammer-3","status":"publish","type":"product","link":"https:\/\/lucacastelli.com\/de\/produkt\/milwaukee-10-kg-klasse-abbruchhammer-3\/","title":{"rendered":"Milwaukee 10 kg Klasse Abbruchhammer"},"content":{"rendered":"<p>K1000S\/DEMOLITOREN UND BOHRMASCHINEN<br \/>\n26 J Schlagenergie f\u00fcr die h\u00e4rtesten Eins\u00e4tze;Innovatives Milwaukee\u00ae AVS-System, das in den Maschinenk\u00f6rper integriert ist, f\u00fcr vibrationsfreies Arbeiten;1400 &#8211; 1950 c\/min f\u00fcr maximale Leistung beim Abbruch;6 m Kabel erm\u00f6glichen das Arbeiten in einem gro\u00dfen Bereich;Variolock mit 12 Positionen zum Einstellen des Mei\u00dfelwinkels;SDS-Max-Aufsatz;LED-Wartungsanzeige;Spezielles Kohlefenster f\u00fcr einfache Wartung;Koffer mit R\u00e4dern f\u00fcr einfachen Transport<\/p>\n<p>4933464120<br \/>\n4058546220655<\/p>\n","protected":false},"excerpt":{"rendered":"<p>K1000S\/DEMOLIERER UND PERFORIERER<\/p>\n","protected":false},"featured_media":573143,"template":"","meta":{"_seopress_robots_primary_cat":"","_seopress_titles_title":"","_seopress_titles_desc":"","_seopress_robots_index":""},"product_brand":[3407],"product_cat":[5531,29],"product_tag":[3270],"class_list":{"0":"post-612831","1":"product","2":"type-product","3":"status-publish","4":"has-post-thumbnail","6":"product_brand-milwaukee","7":"product_cat-vari-macchinari-milwaukee","8":"product_cat-macchinari","9":"product_tag-import-milwau","10":"sws-conto-ricavi-merci-rivendita-macchinari-de","11":"sws-gruppo-iva-iva81-de","13":"first","14":"onbackorder","15":"sale","16":"shipping-taxable","17":"purchasable","18":"product-type-simple"},"_links":{"self":[{"href":"https:\/\/lucacastelli.com\/de\/wp-json\/wp\/v2\/product\/612831","targetHints":{"allow":["GET"]}}],"collection":[{"href":"https:\/\/lucacastelli.com\/de\/wp-json\/wp\/v2\/product"}],"about":[{"href":"https:\/\/lucacastelli.com\/de\/wp-json\/wp\/v2\/types\/product"}],"wp:featuredmedia":[{"embeddable":true,"href":"https:\/\/lucacastelli.com\/de\/wp-json\/wp\/v2\/media\/573143"}],"wp:attachment":[{"href":"https:\/\/lucacastelli.com\/de\/wp-json\/wp\/v2\/media?parent=612831"}],"wp:term":[{"taxonomy":"product_brand","embeddable":true,"href":"https:\/\/lucacastelli.com\/de\/wp-json\/wp\/v2\/product_brand?post=612831"},{"taxonomy":"product_cat","embeddable":true,"href":"https:\/\/lucacastelli.com\/de\/wp-json\/wp\/v2\/product_cat?post=612831"},{"taxonomy":"product_tag","embeddable":true,"href":"https:\/\/lucacastelli.com\/de\/wp-json\/wp\/v2\/product_tag?post=612831"}],"curies":[{"name":"wp","href":"https:\/\/api.w.org\/{rel}","templated":true}]}}