{"id":612828,"date":"2025-08-10T12:56:45","date_gmt":"2025-08-10T10:56:45","guid":{"rendered":"https:\/\/lucacastelli.com\/prodotto\/milwaukee-m18-fuel-gewindeschneidmaschine-1-1-4%cb%9d-mit-one-key\/"},"modified":"2025-08-10T12:56:45","modified_gmt":"2025-08-10T10:56:45","slug":"milwaukee-m18-fuel-gewindeschneidmaschine-1-1-4%cb%9d-mit-one-key","status":"publish","type":"product","link":"https:\/\/lucacastelli.com\/de\/produkt\/milwaukee-m18-fuel-gewindeschneidmaschine-1-1-4%cb%9d-mit-one-key\/","title":{"rendered":"Milwaukee M18 FUEL Gewindeschneidmaschine 1 1\/4\u02dd mit ONE-KEY\u2122."},"content":{"rendered":"<p>M18 FPT114-0C\/GEWINDEBOHRER<br \/>\nEs k\u00f6nnen Rohre mit einem Durchmesser von 1\/8 bis 1 1\/4 Zoll geschnitten werden; das AUTOSTOP\u2122 Anti Kickback System blockiert und schaltet das Werkzeug ab, wenn es zu einem pl\u00f6tzlichen R\u00fcckschlag kommt, um den Bediener zu sch\u00fctzen;Kompaktes Design und geringes Gewicht erleichtern den Einsatz auch in engen R\u00e4umen;Kompatibel mit den neuen Milwaukee\u00ae FPT114H und Ridgid 11R Steckn\u00fcssen bis zu 1 1\/4 Zoll;Bis zu 50 Gewinde mit einem 3\/4-Zoll-Rohr mit einer M18 HIGH OUTPUT\u2122 Akkuladung von 8.0 Ah;Seitlicher Griff, um den Kontakt mit der Buchse w\u00e4hrend des Gewindeschneidens zu vermeiden;POWERSTATE\u2122 b\u00fcrstenloser Motor sorgt f\u00fcr Leistung auch unter Belastung, REDLINK PLUS\u2122 Elektronik bietet erh\u00f6hten \u00dcberlastschutz f\u00fcr Werkzeug und Akkupack und sorgt f\u00fcr eine l\u00e4ngere Lebensdauer bei schweren Anwendungen. Der REDLITHIUM\u2122-Akkupack bietet eine fortschrittliche Akkukonstruktion und gleichbleibende Leistung, um eine l\u00e4ngere Akkulaufzeit zu gew\u00e4hrleisten und die Lebensdauer des Akkus zu maximieren;Das ONE-KEY\u2122 Tracking &amp; Security System bietet eine kostenlose cloudbasierte Bestandsverfolgung und -verwaltung, einschlie\u00dflich einer Fernsperrfunktion;Funktioniert mit allen M18-Plattform-Akkus <\/p>\n<p>4933480220<br \/>\n4058546405052<\/p>\n","protected":false},"excerpt":{"rendered":"<p>M18 FPT114-0C\/GEWINDEBOHRER<\/p>\n","protected":false},"featured_media":442717,"template":"","meta":{"_seopress_robots_primary_cat":"","_seopress_titles_title":"","_seopress_titles_desc":"","_seopress_robots_index":""},"product_brand":[3407],"product_cat":[5531,29],"product_tag":[3270],"class_list":{"0":"post-612828","1":"product","2":"type-product","3":"status-publish","4":"has-post-thumbnail","6":"product_brand-milwaukee","7":"product_cat-vari-macchinari-milwaukee","8":"product_cat-macchinari","9":"product_tag-import-milwau","10":"sws-conto-ricavi-merci-rivendita-macchinari-de","11":"sws-gruppo-iva-iva81-de","13":"first","14":"onbackorder","15":"sale","16":"shipping-taxable","17":"purchasable","18":"product-type-simple"},"_links":{"self":[{"href":"https:\/\/lucacastelli.com\/de\/wp-json\/wp\/v2\/product\/612828","targetHints":{"allow":["GET"]}}],"collection":[{"href":"https:\/\/lucacastelli.com\/de\/wp-json\/wp\/v2\/product"}],"about":[{"href":"https:\/\/lucacastelli.com\/de\/wp-json\/wp\/v2\/types\/product"}],"wp:featuredmedia":[{"embeddable":true,"href":"https:\/\/lucacastelli.com\/de\/wp-json\/wp\/v2\/media\/442717"}],"wp:attachment":[{"href":"https:\/\/lucacastelli.com\/de\/wp-json\/wp\/v2\/media?parent=612828"}],"wp:term":[{"taxonomy":"product_brand","embeddable":true,"href":"https:\/\/lucacastelli.com\/de\/wp-json\/wp\/v2\/product_brand?post=612828"},{"taxonomy":"product_cat","embeddable":true,"href":"https:\/\/lucacastelli.com\/de\/wp-json\/wp\/v2\/product_cat?post=612828"},{"taxonomy":"product_tag","embeddable":true,"href":"https:\/\/lucacastelli.com\/de\/wp-json\/wp\/v2\/product_tag?post=612828"}],"curies":[{"name":"wp","href":"https:\/\/api.w.org\/{rel}","templated":true}]}}