{"id":612821,"date":"2025-08-10T16:08:35","date_gmt":"2025-08-10T14:08:35","guid":{"rendered":"https:\/\/lucacastelli.com\/prodotto\/milwaukee-flexometer-premium-serie-2\/"},"modified":"2025-08-10T16:08:35","modified_gmt":"2025-08-10T14:08:35","slug":"milwaukee-flexometer-premium-serie-2","status":"publish","type":"product","link":"https:\/\/lucacastelli.com\/de\/produkt\/milwaukee-flexometer-premium-serie-2\/","title":{"rendered":"Milwaukee Flexometer &#8211; PREMIUM Serie"},"content":{"rendered":"<p>FLESSOMETER 5 m NG (metrisch) &#8211; HD 1pcs<br \/>\nMagnet mit hoher Anziehungskraft am Anfang des Bandes erm\u00f6glicht eine einfache Befestigung an flachen und runden Oberfl\u00e4chen;Kompaktes und ergonomisches Design;Ungest\u00fctzte Verl\u00e4ngerung bis zu 3,4 m;Nicht reflektierende Nylonbandabdeckung, bis zu 10 Mal st\u00e4rker;27-mm-Band mit beidseitiger Bedruckung f\u00fcr bessere Lesbarkeit und Sichtbarkeit; Fingeranschlag f\u00fcr maximalen Fingerschutz und Bandkontrolle beim Zur\u00fcckspulen; 5-Punkt-verst\u00e4rktes Geh\u00e4use f\u00fcr erh\u00f6hte Haltbarkeit; Genauigkeit der Klasse II; Architekturskala f\u00fcr technische Zeichnungen<\/p>\n<p>4932464599<br \/>\n4058546225445<\/p>\n","protected":false},"excerpt":{"rendered":"<p>FLEXOMETER 5 m NG (metrisch) &#8211; HD 1 St\u00fcck<\/p>\n","protected":false},"featured_media":529512,"template":"","meta":{"_seopress_robots_primary_cat":"","_seopress_titles_title":"","_seopress_titles_desc":"","_seopress_robots_index":""},"product_brand":[3407],"product_cat":[29,514,551],"product_tag":[3270],"class_list":{"0":"post-612821","1":"product","2":"type-product","3":"status-publish","4":"has-post-thumbnail","6":"product_brand-milwaukee","7":"product_cat-macchinari","8":"product_cat-altri-dispositivi","9":"product_cat-apparecchi-di-misurazione","10":"product_tag-import-milwau","11":"sws-conto-ricavi-merci-rivendita-macchinari-de","12":"sws-gruppo-iva-iva81-de","14":"first","15":"onbackorder","16":"shipping-taxable","17":"purchasable","18":"product-type-simple"},"_links":{"self":[{"href":"https:\/\/lucacastelli.com\/de\/wp-json\/wp\/v2\/product\/612821","targetHints":{"allow":["GET"]}}],"collection":[{"href":"https:\/\/lucacastelli.com\/de\/wp-json\/wp\/v2\/product"}],"about":[{"href":"https:\/\/lucacastelli.com\/de\/wp-json\/wp\/v2\/types\/product"}],"wp:featuredmedia":[{"embeddable":true,"href":"https:\/\/lucacastelli.com\/de\/wp-json\/wp\/v2\/media\/529512"}],"wp:attachment":[{"href":"https:\/\/lucacastelli.com\/de\/wp-json\/wp\/v2\/media?parent=612821"}],"wp:term":[{"taxonomy":"product_brand","embeddable":true,"href":"https:\/\/lucacastelli.com\/de\/wp-json\/wp\/v2\/product_brand?post=612821"},{"taxonomy":"product_cat","embeddable":true,"href":"https:\/\/lucacastelli.com\/de\/wp-json\/wp\/v2\/product_cat?post=612821"},{"taxonomy":"product_tag","embeddable":true,"href":"https:\/\/lucacastelli.com\/de\/wp-json\/wp\/v2\/product_tag?post=612821"}],"curies":[{"name":"wp","href":"https:\/\/api.w.org\/{rel}","templated":true}]}}