{"id":612815,"date":"2025-08-10T16:08:33","date_gmt":"2025-08-10T14:08:33","guid":{"rendered":"https:\/\/lucacastelli.com\/prodotto\/milwaukee-flexometer-autolock-serie-2\/"},"modified":"2025-08-10T16:08:33","modified_gmt":"2025-08-10T14:08:33","slug":"milwaukee-flexometer-autolock-serie-2","status":"publish","type":"product","link":"https:\/\/lucacastelli.com\/de\/produkt\/milwaukee-flexometer-autolock-serie-2\/","title":{"rendered":"Milwaukee Flexometer &#8211; AUTOLOCK Serie"},"content":{"rendered":"<p>FLESSOM. AUTOLOCK 8 m (metrisch) 1pc<br \/>\nAutolock-Bremse: Band verriegelt automatisch, sobald es herausgezogen wird; Nylonbeschichtung f\u00fcr erh\u00f6hten Schutz vor Schmutz, Staub und Wasser; 5-Punkt verst\u00e4rkter Rahmen; ABS-Geh\u00e4use mit Softgrip f\u00fcr erh\u00f6hten Komfort und Haltbarkeit; ergonomischeres und kompakteres Design; G\u00fcrtelclip; Genauigkeitsklasse II <\/p>\n<p>4932464664<br \/>\n4058546226091<\/p>\n","protected":false},"excerpt":{"rendered":"<p>FLESSOM. AUTOLOCK 8 m (metrisch) 1St. <\/p>\n","protected":false},"featured_media":529568,"template":"","meta":{"_seopress_robots_primary_cat":"","_seopress_titles_title":"","_seopress_titles_desc":"","_seopress_robots_index":""},"product_brand":[3407],"product_cat":[29,514,551],"product_tag":[3270],"class_list":{"0":"post-612815","1":"product","2":"type-product","3":"status-publish","4":"has-post-thumbnail","6":"product_brand-milwaukee","7":"product_cat-macchinari","8":"product_cat-altri-dispositivi","9":"product_cat-apparecchi-di-misurazione","10":"product_tag-import-milwau","11":"sws-conto-ricavi-merci-rivendita-macchinari-de","12":"sws-gruppo-iva-iva81-de","14":"first","15":"onbackorder","16":"shipping-taxable","17":"purchasable","18":"product-type-simple"},"_links":{"self":[{"href":"https:\/\/lucacastelli.com\/de\/wp-json\/wp\/v2\/product\/612815","targetHints":{"allow":["GET"]}}],"collection":[{"href":"https:\/\/lucacastelli.com\/de\/wp-json\/wp\/v2\/product"}],"about":[{"href":"https:\/\/lucacastelli.com\/de\/wp-json\/wp\/v2\/types\/product"}],"wp:featuredmedia":[{"embeddable":true,"href":"https:\/\/lucacastelli.com\/de\/wp-json\/wp\/v2\/media\/529568"}],"wp:attachment":[{"href":"https:\/\/lucacastelli.com\/de\/wp-json\/wp\/v2\/media?parent=612815"}],"wp:term":[{"taxonomy":"product_brand","embeddable":true,"href":"https:\/\/lucacastelli.com\/de\/wp-json\/wp\/v2\/product_brand?post=612815"},{"taxonomy":"product_cat","embeddable":true,"href":"https:\/\/lucacastelli.com\/de\/wp-json\/wp\/v2\/product_cat?post=612815"},{"taxonomy":"product_tag","embeddable":true,"href":"https:\/\/lucacastelli.com\/de\/wp-json\/wp\/v2\/product_tag?post=612815"}],"curies":[{"name":"wp","href":"https:\/\/api.w.org\/{rel}","templated":true}]}}