{"id":612813,"date":"2025-08-10T15:44:24","date_gmt":"2025-08-10T13:44:24","guid":{"rendered":"https:\/\/lucacastelli.com\/prodotto\/milwaukee-m18-led-flutlicht-mit-richtkopf-ideal-fuer-den-geruestbau\/"},"modified":"2025-08-10T15:44:24","modified_gmt":"2025-08-10T13:44:24","slug":"milwaukee-m18-led-flutlicht-mit-richtkopf-ideal-fuer-den-geruestbau","status":"publish","type":"product","link":"https:\/\/lucacastelli.com\/de\/produkt\/milwaukee-m18-led-flutlicht-mit-richtkopf-ideal-fuer-den-geruestbau\/","title":{"rendered":"Milwaukee M18 LED-Flutlicht mit Richtkopf &#8211; ideal f\u00fcr den Ger\u00fcstbau"},"content":{"rendered":"<p>M18 PAL2-0\/BELEUCHTUNG<br \/>\n2.000 Lumen TRUEVIEW\u2122 High Definition Lighting: Bietet maximale Farbgenauigkeit, optimierte Lichtverteilung und originalgetreue Darstellung von Farben und Details;Bis zu 24 Stunden Akkulaufzeit mit dem M18 B5 Akku (6 Stunden bei voller Leistung);3 Beleuchtungsmodi: 24 Stunden bei 500 Lumen, 12 Stunden bei 1.000 Lumen, 6 Stunden bei 2.000 Lumen;Die 7.Die 7,5 cm lange Klemme an der Vorderseite macht sie perfekt f\u00fcr die Befestigung an jeder Art von Ger\u00fcst, Leiter oder Ger\u00fcst, w\u00e4hrend der Magnetfu\u00df und die M\u00f6glichkeit, sie auf flache Oberfl\u00e4chen zu legen, sie vielseitig einsetzbar machen;359 Grad horizontale und 160 Grad vertikale Kopfdrehung f\u00fcr maximale Vielseitigkeit bei der Ausrichtung des Strahls;Funktioniert mit allen Milwaukee M18-Akkus<\/p>\n<p>4933493547<br \/>\n4058546484187<\/p>\n","protected":false},"excerpt":{"rendered":"<p>M18 PAL2-0\/BELEUCHTUNG<\/p>\n","protected":false},"featured_media":586145,"template":"","meta":{"_seopress_robots_primary_cat":"","_seopress_titles_title":"","_seopress_titles_desc":"","_seopress_robots_index":""},"product_brand":[3407],"product_cat":[5531,29],"product_tag":[3270],"class_list":{"0":"post-612813","1":"product","2":"type-product","3":"status-publish","4":"has-post-thumbnail","6":"product_brand-milwaukee","7":"product_cat-vari-macchinari-milwaukee","8":"product_cat-macchinari","9":"product_tag-import-milwau","10":"sws-conto-ricavi-merci-rivendita-macchinari-de","11":"sws-gruppo-iva-iva81-de","13":"first","14":"onbackorder","15":"sale","16":"shipping-taxable","17":"purchasable","18":"product-type-simple"},"_links":{"self":[{"href":"https:\/\/lucacastelli.com\/de\/wp-json\/wp\/v2\/product\/612813","targetHints":{"allow":["GET"]}}],"collection":[{"href":"https:\/\/lucacastelli.com\/de\/wp-json\/wp\/v2\/product"}],"about":[{"href":"https:\/\/lucacastelli.com\/de\/wp-json\/wp\/v2\/types\/product"}],"wp:featuredmedia":[{"embeddable":true,"href":"https:\/\/lucacastelli.com\/de\/wp-json\/wp\/v2\/media\/586145"}],"wp:attachment":[{"href":"https:\/\/lucacastelli.com\/de\/wp-json\/wp\/v2\/media?parent=612813"}],"wp:term":[{"taxonomy":"product_brand","embeddable":true,"href":"https:\/\/lucacastelli.com\/de\/wp-json\/wp\/v2\/product_brand?post=612813"},{"taxonomy":"product_cat","embeddable":true,"href":"https:\/\/lucacastelli.com\/de\/wp-json\/wp\/v2\/product_cat?post=612813"},{"taxonomy":"product_tag","embeddable":true,"href":"https:\/\/lucacastelli.com\/de\/wp-json\/wp\/v2\/product_tag?post=612813"}],"curies":[{"name":"wp","href":"https:\/\/api.w.org\/{rel}","templated":true}]}}