{"id":612800,"date":"2025-08-10T14:52:07","date_gmt":"2025-08-10T12:52:07","guid":{"rendered":"https:\/\/lucacastelli.com\/prodotto\/milwaukee-schluesselband-mit-schlaufe-am-handgelenk\/"},"modified":"2025-08-10T14:52:07","modified_gmt":"2025-08-10T12:52:07","slug":"milwaukee-schluesselband-mit-schlaufe-am-handgelenk","status":"publish","type":"product","link":"https:\/\/lucacastelli.com\/de\/produkt\/milwaukee-schluesselband-mit-schlaufe-am-handgelenk\/","title":{"rendered":"Milwaukee Schl\u00fcsselband mit Schlaufe am Handgelenk"},"content":{"rendered":"<p>Wrist G\u00fcrtel -1pcs<br \/>\nSichere und bequeme Instrumentenbefestigung am Handgelenk;Weicher, verstellbarer G\u00fcrtel mit Klettverschluss &#8211; geeignet f\u00fcr alle Handgelenksgr\u00f6\u00dfen;Schlaufe im G\u00fcrtel, zur sicheren Befestigung aller Arten von Werkzeugen: Elektrowerkzeuge, Klebeb\u00e4nder, Schraubendreher, etc.;Einfache Handhabung, wenn Werkzeuge h\u00e4ufiger in erh\u00f6hter Position verwendet werden;Farbcodierte Gewichtsklassifizierung &#8211; einfache Identifizierung der Haltekapazit\u00e4t<\/p>\n<p>4932472107 4058546325039<\/p>\n","protected":false},"excerpt":{"rendered":"<p>ANTICADUTA Armband -1St.<\/p>\n","protected":false},"featured_media":538999,"template":"","meta":{"_seopress_robots_primary_cat":"","_seopress_titles_title":"","_seopress_titles_desc":"","_seopress_robots_index":""},"product_brand":[3407],"product_cat":[5416,33],"product_tag":[3270],"class_list":{"0":"post-612800","1":"product","2":"type-product","3":"status-publish","4":"has-post-thumbnail","6":"product_brand-milwaukee","7":"product_cat-utensili-per-officina","8":"product_cat-attrezzature","9":"product_tag-import-milwau","10":"sws-conto-ricavi-merci-rivendita-macchinari-de","11":"sws-gruppo-iva-iva81-de","13":"first","14":"onbackorder","15":"sale","16":"shipping-taxable","17":"purchasable","18":"product-type-simple"},"_links":{"self":[{"href":"https:\/\/lucacastelli.com\/de\/wp-json\/wp\/v2\/product\/612800","targetHints":{"allow":["GET"]}}],"collection":[{"href":"https:\/\/lucacastelli.com\/de\/wp-json\/wp\/v2\/product"}],"about":[{"href":"https:\/\/lucacastelli.com\/de\/wp-json\/wp\/v2\/types\/product"}],"wp:featuredmedia":[{"embeddable":true,"href":"https:\/\/lucacastelli.com\/de\/wp-json\/wp\/v2\/media\/538999"}],"wp:attachment":[{"href":"https:\/\/lucacastelli.com\/de\/wp-json\/wp\/v2\/media?parent=612800"}],"wp:term":[{"taxonomy":"product_brand","embeddable":true,"href":"https:\/\/lucacastelli.com\/de\/wp-json\/wp\/v2\/product_brand?post=612800"},{"taxonomy":"product_cat","embeddable":true,"href":"https:\/\/lucacastelli.com\/de\/wp-json\/wp\/v2\/product_cat?post=612800"},{"taxonomy":"product_tag","embeddable":true,"href":"https:\/\/lucacastelli.com\/de\/wp-json\/wp\/v2\/product_tag?post=612800"}],"curies":[{"name":"wp","href":"https:\/\/api.w.org\/{rel}","templated":true}]}}