{"id":612783,"date":"2025-08-10T08:37:06","date_gmt":"2025-08-10T06:37:06","guid":{"rendered":"https:\/\/lucacastelli.com\/prodotto\/milwaukee-steckschluessel-1-4%cb%9d-sechskant-3\/"},"modified":"2025-08-10T08:37:06","modified_gmt":"2025-08-10T06:37:06","slug":"milwaukee-steckschluessel-1-4%cb%9d-sechskant-3","status":"publish","type":"product","link":"https:\/\/lucacastelli.com\/de\/produkt\/milwaukee-steckschluessel-1-4%cb%9d-sechskant-3\/","title":{"rendered":"Milwaukee Steckschl\u00fcssel 1\/4\u02dd &#8211; Sechskant"},"content":{"rendered":"<p>Steckschl\u00fcssel 1\/4 &#8211; HEX 2,5 mm<br \/>\nFOUR FLAT\u2122 Design des Steckschl\u00fcssels verhindert ein Verrollen und die M\u00f6glichkeit, mehr Kraft mit dem Schl\u00fcssel aufzubringen;Schlankes Design f\u00fcr besseren Zugang in engen R\u00e4umen;Geschmiedetes einteiliges Design erh\u00f6ht die Haltbarkeit bei Anwendungen mit hohem Drehmoment;Geformte Durchmesser f\u00fcr bessere Sicht bei allen Lichtverh\u00e4ltnissen<\/p>\n<p>4932480824<br \/>\n4058546411091<\/p>\n","protected":false},"excerpt":{"rendered":"<p>KOMPASSSCHL\u00dcSSEL 1\/4 &#8211; HEX 2,5 mm<\/p>\n","protected":false},"featured_media":554126,"template":"","meta":{"_seopress_robots_primary_cat":"","_seopress_titles_title":"","_seopress_titles_desc":"","_seopress_robots_index":""},"product_brand":[3656],"product_cat":[5529,150],"product_tag":[3272],"class_list":{"0":"post-612783","1":"product","2":"type-product","3":"status-publish","4":"has-post-thumbnail","6":"product_brand-milwaukee-de","7":"product_cat-workshop-tools","8":"product_cat-ausrustung","9":"product_tag-import-milwau-de","10":"sws-conto-ricavi-merci-rivendita-macchinari-de","11":"sws-gruppo-iva-iva81-de","13":"first","14":"onbackorder","15":"sale","16":"shipping-taxable","17":"purchasable","18":"product-type-simple"},"_links":{"self":[{"href":"https:\/\/lucacastelli.com\/de\/wp-json\/wp\/v2\/product\/612783","targetHints":{"allow":["GET"]}}],"collection":[{"href":"https:\/\/lucacastelli.com\/de\/wp-json\/wp\/v2\/product"}],"about":[{"href":"https:\/\/lucacastelli.com\/de\/wp-json\/wp\/v2\/types\/product"}],"wp:featuredmedia":[{"embeddable":true,"href":"https:\/\/lucacastelli.com\/de\/wp-json\/wp\/v2\/media\/554126"}],"wp:attachment":[{"href":"https:\/\/lucacastelli.com\/de\/wp-json\/wp\/v2\/media?parent=612783"}],"wp:term":[{"taxonomy":"product_brand","embeddable":true,"href":"https:\/\/lucacastelli.com\/de\/wp-json\/wp\/v2\/product_brand?post=612783"},{"taxonomy":"product_cat","embeddable":true,"href":"https:\/\/lucacastelli.com\/de\/wp-json\/wp\/v2\/product_cat?post=612783"},{"taxonomy":"product_tag","embeddable":true,"href":"https:\/\/lucacastelli.com\/de\/wp-json\/wp\/v2\/product_tag?post=612783"}],"curies":[{"name":"wp","href":"https:\/\/api.w.org\/{rel}","templated":true}]}}