{"id":612771,"date":"2025-08-10T08:36:56","date_gmt":"2025-08-10T06:36:56","guid":{"rendered":"https:\/\/lucacastelli.com\/prodotto\/milwaukee-steckschluessel-1-4%cb%9d-sechskant\/"},"modified":"2025-08-10T08:36:56","modified_gmt":"2025-08-10T06:36:56","slug":"milwaukee-steckschluessel-1-4%cb%9d-sechskant","status":"publish","type":"product","link":"https:\/\/lucacastelli.com\/de\/produkt\/milwaukee-steckschluessel-1-4%cb%9d-sechskant\/","title":{"rendered":"Milwaukee Steckschl\u00fcssel 1\/4\u02dd &#8211; Sechskant"},"content":{"rendered":"<p>Steckschl\u00fcssel 1\/4 &#8211; HEX 3mm<br \/>\nFOUR FLAT\u2122 Design des Steckschl\u00fcssels verhindert ein Verrollen und die M\u00f6glichkeit, mehr Kraft mit einem Schraubenschl\u00fcssel aufzubringen;Schlankes Design f\u00fcr besseren Zugang in engen R\u00e4umen;Geschmiedetes einteiliges Design erh\u00f6ht die Haltbarkeit bei Anwendungen mit hohem Drehmoment;Geformte Durchmesser f\u00fcr bessere Sichtbarkeit bei allen Lichtverh\u00e4ltnissen<\/p>\n<p>4932480825<br \/>\n4058546411107<\/p>\n","protected":false},"excerpt":{"rendered":"<p>KOMPASS SCHRAUBE 1\/4 &#8211; HEX 3mm<\/p>\n","protected":false},"featured_media":554131,"template":"","meta":{"_seopress_robots_primary_cat":"","_seopress_titles_title":"","_seopress_titles_desc":"","_seopress_robots_index":""},"product_brand":[3407],"product_cat":[5416,33],"product_tag":[3270],"class_list":{"0":"post-612771","1":"product","2":"type-product","3":"status-publish","4":"has-post-thumbnail","6":"product_brand-milwaukee","7":"product_cat-utensili-per-officina","8":"product_cat-attrezzature","9":"product_tag-import-milwau","10":"sws-conto-ricavi-merci-rivendita-macchinari-de","11":"sws-gruppo-iva-iva81-de","13":"first","14":"onbackorder","15":"sale","16":"shipping-taxable","17":"purchasable","18":"product-type-simple"},"_links":{"self":[{"href":"https:\/\/lucacastelli.com\/de\/wp-json\/wp\/v2\/product\/612771","targetHints":{"allow":["GET"]}}],"collection":[{"href":"https:\/\/lucacastelli.com\/de\/wp-json\/wp\/v2\/product"}],"about":[{"href":"https:\/\/lucacastelli.com\/de\/wp-json\/wp\/v2\/types\/product"}],"wp:featuredmedia":[{"embeddable":true,"href":"https:\/\/lucacastelli.com\/de\/wp-json\/wp\/v2\/media\/554131"}],"wp:attachment":[{"href":"https:\/\/lucacastelli.com\/de\/wp-json\/wp\/v2\/media?parent=612771"}],"wp:term":[{"taxonomy":"product_brand","embeddable":true,"href":"https:\/\/lucacastelli.com\/de\/wp-json\/wp\/v2\/product_brand?post=612771"},{"taxonomy":"product_cat","embeddable":true,"href":"https:\/\/lucacastelli.com\/de\/wp-json\/wp\/v2\/product_cat?post=612771"},{"taxonomy":"product_tag","embeddable":true,"href":"https:\/\/lucacastelli.com\/de\/wp-json\/wp\/v2\/product_tag?post=612771"}],"curies":[{"name":"wp","href":"https:\/\/api.w.org\/{rel}","templated":true}]}}