{"id":612768,"date":"2025-08-07T20:26:13","date_gmt":"2025-08-07T18:26:13","guid":{"rendered":"https:\/\/lucacastelli.com\/prodotto\/milwaukee-t-griff-schluessel-mit-gelenkigem-innensechskant-16\/"},"modified":"2025-08-07T20:26:13","modified_gmt":"2025-08-07T18:26:13","slug":"milwaukee-t-griff-schluessel-mit-gelenkigem-innensechskant-16","status":"publish","type":"product","link":"https:\/\/lucacastelli.com\/de\/produkt\/milwaukee-t-griff-schluessel-mit-gelenkigem-innensechskant-16\/","title":{"rendered":"Milwaukee T-Griff-Schl\u00fcssel mit gelenkigem Innensechskant"},"content":{"rendered":"<p>T-Griff-Schl\u00fcssel mit Gelenk-Innensechskant<br \/>\nT-Griff-Schl\u00fcssel HEXAGONAL SOCKET SLEEVE 18 MM<br \/>\nGelenk-Innensechskant mit Drehung um bis zu 180 Grad f\u00fcr den Zugang zu engsten Stellen;Schiebegriff zum Einstellen, um mehr Hebelkraft anzuwenden oder f\u00fcr enge Stellen;Tiefer Steckschl\u00fcsseleinsatz zum Festziehen von Muttern mit l\u00e4ngeren Schrauben<\/p>\n<p>4932492687<br \/>\n4058546475581<\/p>\n","protected":false},"excerpt":{"rendered":"<p>GELENKIGE INNENSECHSKANTSCHL\u00dcSSEL 18 MM<\/p>\n","protected":false},"featured_media":557942,"template":"","meta":{"_seopress_robots_primary_cat":"","_seopress_titles_title":"","_seopress_titles_desc":"","_seopress_robots_index":""},"product_brand":[3407],"product_cat":[5416,33],"product_tag":[3270],"class_list":{"0":"post-612768","1":"product","2":"type-product","3":"status-publish","4":"has-post-thumbnail","6":"product_brand-milwaukee","7":"product_cat-utensili-per-officina","8":"product_cat-attrezzature","9":"product_tag-import-milwau","10":"sws-conto-ricavi-merci-rivendita-macchinari-de","11":"sws-gruppo-iva-iva81-de","13":"first","14":"onbackorder","15":"sale","16":"shipping-taxable","17":"purchasable","18":"product-type-simple"},"_links":{"self":[{"href":"https:\/\/lucacastelli.com\/de\/wp-json\/wp\/v2\/product\/612768","targetHints":{"allow":["GET"]}}],"collection":[{"href":"https:\/\/lucacastelli.com\/de\/wp-json\/wp\/v2\/product"}],"about":[{"href":"https:\/\/lucacastelli.com\/de\/wp-json\/wp\/v2\/types\/product"}],"wp:featuredmedia":[{"embeddable":true,"href":"https:\/\/lucacastelli.com\/de\/wp-json\/wp\/v2\/media\/557942"}],"wp:attachment":[{"href":"https:\/\/lucacastelli.com\/de\/wp-json\/wp\/v2\/media?parent=612768"}],"wp:term":[{"taxonomy":"product_brand","embeddable":true,"href":"https:\/\/lucacastelli.com\/de\/wp-json\/wp\/v2\/product_brand?post=612768"},{"taxonomy":"product_cat","embeddable":true,"href":"https:\/\/lucacastelli.com\/de\/wp-json\/wp\/v2\/product_cat?post=612768"},{"taxonomy":"product_tag","embeddable":true,"href":"https:\/\/lucacastelli.com\/de\/wp-json\/wp\/v2\/product_tag?post=612768"}],"curies":[{"name":"wp","href":"https:\/\/api.w.org\/{rel}","templated":true}]}}