{"id":612748,"date":"2025-08-07T20:26:08","date_gmt":"2025-08-07T18:26:08","guid":{"rendered":"https:\/\/lucacastelli.com\/prodotto\/milwaukee-t-griff-schluessel-mit-gelenkigem-innensechskant-10\/"},"modified":"2025-08-07T20:26:08","modified_gmt":"2025-08-07T18:26:08","slug":"milwaukee-t-griff-schluessel-mit-gelenkigem-innensechskant-10","status":"publish","type":"product","link":"https:\/\/lucacastelli.com\/de\/produkt\/milwaukee-t-griff-schluessel-mit-gelenkigem-innensechskant-10\/","title":{"rendered":"Milwaukee T-Griff-Schl\u00fcssel mit gelenkigem Innensechskant"},"content":{"rendered":"<p>T-Griff-Schl\u00fcssel mit Gelenk-Innensechskant<br \/>\nT-WITCHES HEXAGONAL SOCKET KNIFE 7 MM<br \/>\nGelenk-Innensechskant, der sich um bis zu 180 Grad drehen l\u00e4sst, um Zugang zu den engsten Stellen zu haben; Schiebegriff zum Verstellen, um mehr Hebelkraft auszu\u00fcben oder f\u00fcr enge Stellen; Tiefer Innensechskant zum Festziehen von Muttern mit l\u00e4ngeren Schrauben<\/p>\n<p>4932492676<br \/>\n4058546475475<\/p>\n","protected":false},"excerpt":{"rendered":"<p>INNENSECHSKANTSCHL\u00dcSSEL 7 MM<\/p>\n","protected":false},"featured_media":557942,"template":"","meta":{"_seopress_robots_primary_cat":"","_seopress_titles_title":"","_seopress_titles_desc":"","_seopress_robots_index":""},"product_brand":[3407],"product_cat":[5416,33],"product_tag":[3270],"class_list":{"0":"post-612748","1":"product","2":"type-product","3":"status-publish","4":"has-post-thumbnail","6":"product_brand-milwaukee","7":"product_cat-utensili-per-officina","8":"product_cat-attrezzature","9":"product_tag-import-milwau","10":"sws-conto-ricavi-merci-rivendita-macchinari-de","11":"sws-gruppo-iva-iva81-de","13":"first","14":"onbackorder","15":"sale","16":"shipping-taxable","17":"purchasable","18":"product-type-simple"},"_links":{"self":[{"href":"https:\/\/lucacastelli.com\/de\/wp-json\/wp\/v2\/product\/612748","targetHints":{"allow":["GET"]}}],"collection":[{"href":"https:\/\/lucacastelli.com\/de\/wp-json\/wp\/v2\/product"}],"about":[{"href":"https:\/\/lucacastelli.com\/de\/wp-json\/wp\/v2\/types\/product"}],"wp:featuredmedia":[{"embeddable":true,"href":"https:\/\/lucacastelli.com\/de\/wp-json\/wp\/v2\/media\/557942"}],"wp:attachment":[{"href":"https:\/\/lucacastelli.com\/de\/wp-json\/wp\/v2\/media?parent=612748"}],"wp:term":[{"taxonomy":"product_brand","embeddable":true,"href":"https:\/\/lucacastelli.com\/de\/wp-json\/wp\/v2\/product_brand?post=612748"},{"taxonomy":"product_cat","embeddable":true,"href":"https:\/\/lucacastelli.com\/de\/wp-json\/wp\/v2\/product_cat?post=612748"},{"taxonomy":"product_tag","embeddable":true,"href":"https:\/\/lucacastelli.com\/de\/wp-json\/wp\/v2\/product_tag?post=612748"}],"curies":[{"name":"wp","href":"https:\/\/api.w.org\/{rel}","templated":true}]}}