{"id":612739,"date":"2025-08-10T08:47:29","date_gmt":"2025-08-10T06:47:29","guid":{"rendered":"https:\/\/lucacastelli.com\/prodotto\/milwaukee-ratsche-mit-3-8%cb%9d-gelenkkopf-2\/"},"modified":"2025-08-10T08:47:29","modified_gmt":"2025-08-10T06:47:29","slug":"milwaukee-ratsche-mit-3-8%cb%9d-gelenkkopf-2","status":"publish","type":"product","link":"https:\/\/lucacastelli.com\/de\/produkt\/milwaukee-ratsche-mit-3-8%cb%9d-gelenkkopf-2\/","title":{"rendered":"Milwaukee Ratsche mit 3\/8\u02dd-Gelenkkopf"},"content":{"rendered":"<p>Ratschenkopf 3\/8&#8221;<br \/>\nRatsche mit 90 Z\u00e4hnen und 4\u00b0 Knarrenwinkel;Der Ratschenkopf rastet in 9 verschiedenen Winkeln ein und kann sich frei bewegen;Der schlanke Ratschenkopf mit b\u00fcndigem Richtungshebel bietet eine bessere Zug\u00e4nglichkeit;Der Standardgriff bietet eine gr\u00f6\u00dfere Tiefe, w\u00e4hrend der verl\u00e4ngerte Griff eine gr\u00f6\u00dfere Hebelwirkung bietet<\/p>\n<p>4932479652<br \/>\n4058546374464<\/p>\n","protected":false},"excerpt":{"rendered":"<p>KNARRE 3\/8&#8221; GELENKKOPF<\/p>\n","protected":false},"featured_media":544399,"template":"","meta":{"_seopress_robots_primary_cat":"","_seopress_titles_title":"","_seopress_titles_desc":"","_seopress_robots_index":""},"product_brand":[3407],"product_cat":[5416,33],"product_tag":[3270],"class_list":{"0":"post-612739","1":"product","2":"type-product","3":"status-publish","4":"has-post-thumbnail","6":"product_brand-milwaukee","7":"product_cat-utensili-per-officina","8":"product_cat-attrezzature","9":"product_tag-import-milwau","10":"sws-conto-ricavi-merci-rivendita-macchinari-de","11":"sws-gruppo-iva-iva81-de","13":"first","14":"onbackorder","15":"sale","16":"shipping-taxable","17":"purchasable","18":"product-type-simple"},"_links":{"self":[{"href":"https:\/\/lucacastelli.com\/de\/wp-json\/wp\/v2\/product\/612739","targetHints":{"allow":["GET"]}}],"collection":[{"href":"https:\/\/lucacastelli.com\/de\/wp-json\/wp\/v2\/product"}],"about":[{"href":"https:\/\/lucacastelli.com\/de\/wp-json\/wp\/v2\/types\/product"}],"wp:featuredmedia":[{"embeddable":true,"href":"https:\/\/lucacastelli.com\/de\/wp-json\/wp\/v2\/media\/544399"}],"wp:attachment":[{"href":"https:\/\/lucacastelli.com\/de\/wp-json\/wp\/v2\/media?parent=612739"}],"wp:term":[{"taxonomy":"product_brand","embeddable":true,"href":"https:\/\/lucacastelli.com\/de\/wp-json\/wp\/v2\/product_brand?post=612739"},{"taxonomy":"product_cat","embeddable":true,"href":"https:\/\/lucacastelli.com\/de\/wp-json\/wp\/v2\/product_cat?post=612739"},{"taxonomy":"product_tag","embeddable":true,"href":"https:\/\/lucacastelli.com\/de\/wp-json\/wp\/v2\/product_tag?post=612739"}],"curies":[{"name":"wp","href":"https:\/\/api.w.org\/{rel}","templated":true}]}}