{"id":612724,"date":"2025-08-10T08:47:23","date_gmt":"2025-08-10T06:47:23","guid":{"rendered":"https:\/\/lucacastelli.com\/prodotto\/milwaukee-m12-fuel-insider-durchsteckknarre\/"},"modified":"2025-08-10T08:47:23","modified_gmt":"2025-08-10T06:47:23","slug":"milwaukee-m12-fuel-insider-durchsteckknarre","status":"publish","type":"product","link":"https:\/\/lucacastelli.com\/de\/produkt\/milwaukee-m12-fuel-insider-durchsteckknarre\/","title":{"rendered":"Milwaukee M12 FUEL Insider\u2122 Durchsteckknarre"},"content":{"rendered":"<p>M12 FUEL Insider\u2122 Durchgangsloch-Ratsche<br \/>\nM12FPTR-0 SCHL\u00dcSSEL<br \/>\nMaximales Drehmoment von 80 Nm und maximale Drehzahl von 350 U\/min, f\u00fcr eine optimale Kombination aus Kraft und Geschwindigkeit;Geringerer Kopfraum zwischen den batteriebetriebenen Knarren, f\u00fcr maximalen Zugang in engen R\u00e4umen;Langer Kopf f\u00fcr einfachen Zugang in schwer zug\u00e4nglichen R\u00e4umen;Durchsteckn\u00fcsse (bis Gr\u00f6\u00dfe 15 mm) zum Schrauben und L\u00f6sen von Muttern an Schrauben jeder L\u00e4nge;Enth\u00e4lt 8 mm bis 19 mm N\u00fcsse und 21 mm N\u00fcsse;Vielseitig Inklusive 1\/4 Zoll- und 3\/8 Zoll-Adapter und 1\/4 Zoll-Bithalter;Variabler Geschwindigkeitsschalter f\u00fcr maximale Kontrolle;Gummigriff, der starker Beanspruchung standh\u00e4lt und maximalen Komfort bietet;Batterieladezustandsanzeige und duales LED-Licht zur Beleuchtung des Arbeitsbereichs;FUEL-Technologie definiert schnurlose Elektrowerkzeuge neu. Der b\u00fcrstenlose Motor, die REDLINK PLUS\u2122-Elektronik und der REDLITHIUM\u2122-Akku bieten \u00fcberragende Leistung und Langlebigkeit;Funktioniert mit allen M12\u2122 Milwaukee\u00ae-Akkus <\/p>\n<p>4933499413<br \/>\n4058546565770<\/p>\n","protected":false},"excerpt":{"rendered":"<p>M12FPTR-0 KNARRENSCHL\u00dcSSEL<\/p>\n","protected":false},"featured_media":593050,"template":"","meta":{"_seopress_robots_primary_cat":"","_seopress_titles_title":"","_seopress_titles_desc":"","_seopress_robots_index":""},"product_brand":[3407],"product_cat":[5416,33],"product_tag":[3270],"class_list":{"0":"post-612724","1":"product","2":"type-product","3":"status-publish","4":"has-post-thumbnail","6":"product_brand-milwaukee","7":"product_cat-utensili-per-officina","8":"product_cat-attrezzature","9":"product_tag-import-milwau","10":"sws-conto-ricavi-merci-rivendita-macchinari-de","11":"sws-gruppo-iva-iva81-de","13":"first","14":"onbackorder","15":"sale","16":"shipping-taxable","17":"purchasable","18":"product-type-simple"},"_links":{"self":[{"href":"https:\/\/lucacastelli.com\/de\/wp-json\/wp\/v2\/product\/612724","targetHints":{"allow":["GET"]}}],"collection":[{"href":"https:\/\/lucacastelli.com\/de\/wp-json\/wp\/v2\/product"}],"about":[{"href":"https:\/\/lucacastelli.com\/de\/wp-json\/wp\/v2\/types\/product"}],"wp:featuredmedia":[{"embeddable":true,"href":"https:\/\/lucacastelli.com\/de\/wp-json\/wp\/v2\/media\/593050"}],"wp:attachment":[{"href":"https:\/\/lucacastelli.com\/de\/wp-json\/wp\/v2\/media?parent=612724"}],"wp:term":[{"taxonomy":"product_brand","embeddable":true,"href":"https:\/\/lucacastelli.com\/de\/wp-json\/wp\/v2\/product_brand?post=612724"},{"taxonomy":"product_cat","embeddable":true,"href":"https:\/\/lucacastelli.com\/de\/wp-json\/wp\/v2\/product_cat?post=612724"},{"taxonomy":"product_tag","embeddable":true,"href":"https:\/\/lucacastelli.com\/de\/wp-json\/wp\/v2\/product_tag?post=612724"}],"curies":[{"name":"wp","href":"https:\/\/api.w.org\/{rel}","templated":true}]}}