{"id":612710,"date":"2025-08-10T08:47:19","date_gmt":"2025-08-10T06:47:19","guid":{"rendered":"https:\/\/lucacastelli.com\/prodotto\/milwaukee-ratsche-3\/"},"modified":"2025-08-10T08:47:19","modified_gmt":"2025-08-10T06:47:19","slug":"milwaukee-ratsche-3","status":"publish","type":"product","link":"https:\/\/lucacastelli.com\/de\/produkt\/milwaukee-ratsche-3\/","title":{"rendered":"Milwaukee Ratsche"},"content":{"rendered":"<p>7in1 Micro-Ratsche<br \/>\n90-Zahn-Design mit 4-Grad-R\u00fcckzugswinkel f\u00fcr Flexibilit\u00e4t auch in engen R\u00e4umen; Mini-Bits PH1 \/ PH2 \/ SL 5.5 \/ TX15 f\u00fcr den Zugang auch bei engen Platzverh\u00e4ltnissen;1\/4-Zoll-Adapter f\u00fcr die Aufnahme von 1\/4-Zoll-Steckschl\u00fcsseln;Vielseitiger Einsatz dank 1\/4-Zoll-Steckschl\u00fcssel auf der einen und 5\/16-Zoll-Steckschl\u00fcssel auf der anderen Seite des Knarrenkopfes;Vielseitige Finger- und Rast\u00f6se f\u00fcr einfache Aufbewahrung und sicheren Halt;Aufsteckbarer Bithalter<\/p>\n<p>4932498792<br \/>\n4058546526610<\/p>\n","protected":false},"excerpt":{"rendered":"<p>7in1 Micro-Ratsche<\/p>\n","protected":false},"featured_media":589362,"template":"","meta":{"_seopress_robots_primary_cat":"","_seopress_titles_title":"","_seopress_titles_desc":"","_seopress_robots_index":""},"product_brand":[3407],"product_cat":[5416,33],"product_tag":[3270],"class_list":{"0":"post-612710","1":"product","2":"type-product","3":"status-publish","4":"has-post-thumbnail","6":"product_brand-milwaukee","7":"product_cat-utensili-per-officina","8":"product_cat-attrezzature","9":"product_tag-import-milwau","10":"sws-conto-ricavi-merci-rivendita-macchinari-de","11":"sws-gruppo-iva-iva81-de","13":"first","14":"onbackorder","15":"sale","16":"shipping-taxable","17":"purchasable","18":"product-type-simple"},"_links":{"self":[{"href":"https:\/\/lucacastelli.com\/de\/wp-json\/wp\/v2\/product\/612710","targetHints":{"allow":["GET"]}}],"collection":[{"href":"https:\/\/lucacastelli.com\/de\/wp-json\/wp\/v2\/product"}],"about":[{"href":"https:\/\/lucacastelli.com\/de\/wp-json\/wp\/v2\/types\/product"}],"wp:featuredmedia":[{"embeddable":true,"href":"https:\/\/lucacastelli.com\/de\/wp-json\/wp\/v2\/media\/589362"}],"wp:attachment":[{"href":"https:\/\/lucacastelli.com\/de\/wp-json\/wp\/v2\/media?parent=612710"}],"wp:term":[{"taxonomy":"product_brand","embeddable":true,"href":"https:\/\/lucacastelli.com\/de\/wp-json\/wp\/v2\/product_brand?post=612710"},{"taxonomy":"product_cat","embeddable":true,"href":"https:\/\/lucacastelli.com\/de\/wp-json\/wp\/v2\/product_cat?post=612710"},{"taxonomy":"product_tag","embeddable":true,"href":"https:\/\/lucacastelli.com\/de\/wp-json\/wp\/v2\/product_tag?post=612710"}],"curies":[{"name":"wp","href":"https:\/\/api.w.org\/{rel}","templated":true}]}}