{"id":612700,"date":"2025-08-10T08:47:13","date_gmt":"2025-08-10T06:47:13","guid":{"rendered":"https:\/\/lucacastelli.com\/prodotto\/milwaukee-1-2%cb%9d-ratschen-2\/"},"modified":"2025-08-10T08:47:13","modified_gmt":"2025-08-10T06:47:13","slug":"milwaukee-1-2%cb%9d-ratschen-2","status":"publish","type":"product","link":"https:\/\/lucacastelli.com\/de\/produkt\/milwaukee-1-2%cb%9d-ratschen-2\/","title":{"rendered":"Milwaukee 1\/2\u02dd-Ratschen"},"content":{"rendered":"<p>WRICKET 1\/2<br \/>\n90-Zahn-Ratsche mit 4 Grad Bogenr\u00fcckstellung f\u00fcr maximale Zug\u00e4nglichkeit in engen R\u00e4umen;Schlanker Kopf mit b\u00fcndigem Richtungshebel bietet bessere Zug\u00e4nglichkeit in engen R\u00e4umen<\/p>\n<p>4932471865<br \/>\n4058546297640<\/p>\n","protected":false},"excerpt":{"rendered":"<p>CRICKET 1\/2<\/p>\n","protected":false},"featured_media":538066,"template":"","meta":{"_seopress_robots_primary_cat":"","_seopress_titles_title":"","_seopress_titles_desc":"","_seopress_robots_index":""},"product_brand":[3407],"product_cat":[5416,33],"product_tag":[3270],"class_list":{"0":"post-612700","1":"product","2":"type-product","3":"status-publish","4":"has-post-thumbnail","6":"product_brand-milwaukee","7":"product_cat-utensili-per-officina","8":"product_cat-attrezzature","9":"product_tag-import-milwau","10":"sws-conto-ricavi-merci-rivendita-macchinari-de","11":"sws-gruppo-iva-iva81-de","13":"first","14":"onbackorder","15":"sale","16":"shipping-taxable","17":"purchasable","18":"product-type-simple"},"_links":{"self":[{"href":"https:\/\/lucacastelli.com\/de\/wp-json\/wp\/v2\/product\/612700","targetHints":{"allow":["GET"]}}],"collection":[{"href":"https:\/\/lucacastelli.com\/de\/wp-json\/wp\/v2\/product"}],"about":[{"href":"https:\/\/lucacastelli.com\/de\/wp-json\/wp\/v2\/types\/product"}],"wp:featuredmedia":[{"embeddable":true,"href":"https:\/\/lucacastelli.com\/de\/wp-json\/wp\/v2\/media\/538066"}],"wp:attachment":[{"href":"https:\/\/lucacastelli.com\/de\/wp-json\/wp\/v2\/media?parent=612700"}],"wp:term":[{"taxonomy":"product_brand","embeddable":true,"href":"https:\/\/lucacastelli.com\/de\/wp-json\/wp\/v2\/product_brand?post=612700"},{"taxonomy":"product_cat","embeddable":true,"href":"https:\/\/lucacastelli.com\/de\/wp-json\/wp\/v2\/product_cat?post=612700"},{"taxonomy":"product_tag","embeddable":true,"href":"https:\/\/lucacastelli.com\/de\/wp-json\/wp\/v2\/product_tag?post=612700"}],"curies":[{"name":"wp","href":"https:\/\/api.w.org\/{rel}","templated":true}]}}