{"id":612617,"date":"2025-08-07T06:27:26","date_gmt":"2025-08-07T04:27:26","guid":{"rendered":"https:\/\/lucacastelli.com\/prodotto\/milwaukee-109-kn-m18-force-logic-hydraulische-presszange\/"},"modified":"2026-04-16T02:19:28","modified_gmt":"2026-04-16T00:19:28","slug":"milwaukee-109-kn-m18-force-logic-hydraulische-presszange","status":"publish","type":"product","link":"https:\/\/lucacastelli.com\/de\/produkt\/milwaukee-109-kn-m18-force-logic-hydraulische-presszange\/","title":{"rendered":"MILWAUKEE Hydraulische Crimpzange 109 kN M18\u2122 FORCE LOGIC\u2122"},"content":{"rendered":"<p>M18 HCCT109\/42-522C\/UT DI SETTORE<br \/>\nLeichteres und ausgewogeneres Werkzeug mit ergonomischem Griff; Rote Ausrichtungsmarkierungen an den Werkzeugbacken helfen bei pr\u00e4ziserer Positionierung; Versiegelte elektronische Komponenten widerstehen schwierigen Umgebungen mit Schmutz, Staub und Feuchtigkeit; 42 mm Backen\u00f6ffnung und 350\u00b0 Kopfdrehung erm\u00f6glichen einfachen Zugang zu engen R\u00e4umen; Crimpverbinder mit 109 kN Kraft; PFM\u2122 (Kraft\u00fcberwachung) das automatische Kraft\u00fcberwachungssystem garantiert vollen Druck und liefert eine sofortige Druckbest\u00e4tigung mit der gr\u00fcnen Anzeige; Erm\u00f6glicht Verbindungen bis 400 mm\u00b2; Universeller Matrizenaufnahme, die zu den g\u00e4ngigsten U-Matrizen auf dem Markt passt (C-f\u00f6rmige Matrizen); Das Werkzeug zeichnet jede durchgef\u00fchrte Crimpung auf und speichert sie f\u00fcr die Berichterstellung \u00fcber die ONE-KEY\u2122 App; Das ONE-KEY\u2122 Tracking &amp; Security System bietet kostenlos einen cloudbasierten Tracking- und Bestandsverwaltungsservice und verf\u00fcgt auch \u00fcber Fernverriegelungsfunktionen; Das System pr\u00fcft automatisch, ob der Akku gen\u00fcgend Ladung f\u00fcr die Crimpung hat; B\u00fcrstenloser Motor, REDLINK PLUS\u2122 Elektronik und REDLITHIUM\u2122 Akkupack bieten \u00fcberlegene Leistung und Haltbarkeit; Funktioniert mit allen M18\u2122 MILWAUKEE\u00ae Akkus<\/p>\n<p>4933459273<br \/>\n4058546002398<\/p>\n","protected":false},"excerpt":{"rendered":"<p>M18 HCCT109\/42-522C\/UT DI SETTORE<\/p>\n","protected":false},"featured_media":572214,"template":"","meta":{"_seopress_robots_primary_cat":"","_seopress_titles_title":"","_seopress_titles_desc":"","_seopress_robots_index":""},"product_brand":[3407],"product_cat":[5531,29,491,514],"product_tag":[3270],"class_list":{"0":"post-612617","1":"product","2":"type-product","3":"status-publish","4":"has-post-thumbnail","6":"product_brand-milwaukee","7":"product_cat-vari-macchinari-milwaukee","8":"product_cat-macchinari","9":"product_cat-accessori-sistemi-a-batteria","10":"product_cat-altri-dispositivi","11":"product_tag-import-milwau","12":"sws-conto-ricavi-merci-rivendita-macchinari-de","13":"sws-gruppo-iva-iva81-de","15":"first","16":"onbackorder","17":"sale","18":"shipping-taxable","19":"purchasable","20":"product-type-simple"},"_links":{"self":[{"href":"https:\/\/lucacastelli.com\/de\/wp-json\/wp\/v2\/product\/612617","targetHints":{"allow":["GET"]}}],"collection":[{"href":"https:\/\/lucacastelli.com\/de\/wp-json\/wp\/v2\/product"}],"about":[{"href":"https:\/\/lucacastelli.com\/de\/wp-json\/wp\/v2\/types\/product"}],"wp:featuredmedia":[{"embeddable":true,"href":"https:\/\/lucacastelli.com\/de\/wp-json\/wp\/v2\/media\/572214"}],"wp:attachment":[{"href":"https:\/\/lucacastelli.com\/de\/wp-json\/wp\/v2\/media?parent=612617"}],"wp:term":[{"taxonomy":"product_brand","embeddable":true,"href":"https:\/\/lucacastelli.com\/de\/wp-json\/wp\/v2\/product_brand?post=612617"},{"taxonomy":"product_cat","embeddable":true,"href":"https:\/\/lucacastelli.com\/de\/wp-json\/wp\/v2\/product_cat?post=612617"},{"taxonomy":"product_tag","embeddable":true,"href":"https:\/\/lucacastelli.com\/de\/wp-json\/wp\/v2\/product_tag?post=612617"}],"curies":[{"name":"wp","href":"https:\/\/api.w.org\/{rel}","templated":true}]}}