{"id":612614,"date":"2025-08-07T06:27:52","date_gmt":"2025-08-07T04:27:52","guid":{"rendered":"https:\/\/lucacastelli.com\/prodotto\/milwaukee-m18-force-logic-hydraulische-crimpmaschine-ohne-gesenke\/"},"modified":"2025-08-07T06:27:52","modified_gmt":"2025-08-07T04:27:52","slug":"milwaukee-m18-force-logic-hydraulische-crimpmaschine-ohne-gesenke","status":"publish","type":"product","link":"https:\/\/lucacastelli.com\/de\/produkt\/milwaukee-m18-force-logic-hydraulische-crimpmaschine-ohne-gesenke\/","title":{"rendered":"Milwaukee M18 FORCE LOGIC\u2122 hydraulische Crimpmaschine ohne Gesenke"},"content":{"rendered":"<p>M18 HDCT-202C \/UT SEKTOR<br \/>\nDie M18 FORCE LOGIC\u2122 HDCT Crimpzange ist in der Lage, Kabelschuhe von 10 bis 300 mm\u00b2 zu verpressen, ohne dass die Crimpeins\u00e4tze gewechselt werden m\u00fcssen. Das System erkennt automatisch die Gr\u00f6\u00dfe des Crimpkontakts, sodass es immer den richtigen Druck f\u00fcr eine saubere und pr\u00e4zise Verpressung liefert;Das PFM\u2122-System garantiert immer den richtigen Druck und warnt den Benutzer, wenn dies nicht der Fall ist;Das integrierte ONE-KEY\u2122-System erm\u00f6glicht es dem Benutzer, die durchgef\u00fchrten Crimps in einem Bericht aufzuzeichnen und zu speichern;Das System pr\u00fcft automatisch den Ladezustand des Akkus, bevor es einen Crimp durchf\u00fchrt;Bis zu 90 Crimps mit einer 2.0 Ah M18 REDLITHIUM\u2122-Akku;Isolierte Elektronik sch\u00fctzt vor den h\u00e4rtesten Umgebungsbedingungen;Kompatibel mit allen Milwaukee M18-Akkus<\/p>\n<p>4933471950<br \/>\n4058546298494<\/p>\n","protected":false},"excerpt":{"rendered":"<p>M18 HDCT-202C \/UT SEKTOR<\/p>\n","protected":false},"featured_media":575141,"template":"","meta":{"_seopress_robots_primary_cat":"","_seopress_titles_title":"","_seopress_titles_desc":"","_seopress_robots_index":""},"product_brand":[3656],"product_cat":[1449,169,5534],"product_tag":[3272],"class_list":{"0":"post-612614","1":"product","2":"type-product","3":"status-publish","4":"has-post-thumbnail","6":"product_brand-milwaukee-de","7":"product_cat-batteriesysteme-zubehor","8":"product_cat-maschinen","9":"product_cat-verschiedene-maschinen-von-milwaukee","10":"product_tag-import-milwau-de","11":"sws-conto-ricavi-merci-rivendita-macchinari-de","12":"sws-gruppo-iva-iva81-de","14":"first","15":"onbackorder","16":"sale","17":"shipping-taxable","18":"purchasable","19":"product-type-simple"},"_links":{"self":[{"href":"https:\/\/lucacastelli.com\/de\/wp-json\/wp\/v2\/product\/612614","targetHints":{"allow":["GET"]}}],"collection":[{"href":"https:\/\/lucacastelli.com\/de\/wp-json\/wp\/v2\/product"}],"about":[{"href":"https:\/\/lucacastelli.com\/de\/wp-json\/wp\/v2\/types\/product"}],"wp:featuredmedia":[{"embeddable":true,"href":"https:\/\/lucacastelli.com\/de\/wp-json\/wp\/v2\/media\/575141"}],"wp:attachment":[{"href":"https:\/\/lucacastelli.com\/de\/wp-json\/wp\/v2\/media?parent=612614"}],"wp:term":[{"taxonomy":"product_brand","embeddable":true,"href":"https:\/\/lucacastelli.com\/de\/wp-json\/wp\/v2\/product_brand?post=612614"},{"taxonomy":"product_cat","embeddable":true,"href":"https:\/\/lucacastelli.com\/de\/wp-json\/wp\/v2\/product_cat?post=612614"},{"taxonomy":"product_tag","embeddable":true,"href":"https:\/\/lucacastelli.com\/de\/wp-json\/wp\/v2\/product_tag?post=612614"}],"curies":[{"name":"wp","href":"https:\/\/api.w.org\/{rel}","templated":true}]}}