{"id":612611,"date":"2025-08-07T06:26:56","date_gmt":"2025-08-07T04:26:56","guid":{"rendered":"https:\/\/lucacastelli.com\/prodotto\/milwaukee-53-kn-m18-force-logic-hydraulische-presszange\/"},"modified":"2025-08-07T06:26:56","modified_gmt":"2025-08-07T04:26:56","slug":"milwaukee-53-kn-m18-force-logic-hydraulische-presszange","status":"publish","type":"product","link":"https:\/\/lucacastelli.com\/de\/produkt\/milwaukee-53-kn-m18-force-logic-hydraulische-presszange\/","title":{"rendered":"Milwaukee 53 kN M18 FORCE LOGIC\u2122 hydraulische Presszange"},"content":{"rendered":"<p>M18 HCCT-201C\/UT SEKTOR<br \/>\nFORCE LOGIC\u2122 Crimpzange f\u00fcr Verbindungen in weniger als 3 Sekunden mit 53kN Kraft;Revolution\u00e4re Backe h\u00e4lt den Stecker f\u00fcr beste Kabel- und Steckerausrichtung;2-in-1-L\u00f6sung: Die Crimpbacke kann durch eine CU \/ AL Kabelschneidbacke ersetzt werden;Das Werkzeug ist leicht und gut ausbalanciert, so dass es mit einer Hand bedient werden kann;Kompaktes und schlankes Backendesign mit um 350\u00b0 drehbarem Kopf, der ein einfaches Biegen, auch in engen R\u00e4umen, erm\u00f6glicht;Innovatives PFM\u2122 (Predictive Force Monitoring) System: Es passt den Druck auf den Verbinder automatisch an, um bei jeder Anwendung den optimalen Druck zu gew\u00e4hrleisten, und zeigt dies mit einem gr\u00fcnen Licht an;Erm\u00f6glicht Verbindungen von bis zu 300 mm\u00b2 auf Kupfer und 150 mm\u00b2 auf Aluminium;Universelle Matrizenklemme, die auf die g\u00e4ngigsten 60 kN U-Matrizen auf dem Markt passt (C-f\u00f6rmige Matrizen);Speicherung des vorgenommenen Anzugs: ONE-KEY\u2122 Technologie erm\u00f6glicht professionelle Berichte \u00fcber den ONE-KEY\u2122 Adapter oder \u00fcber die ONE-KEY\u2122 App;ONE-KEY\u2122 Tracking &amp; Security System bietet kostenlose cloudbasierte Bestandsverfolgung und -verwaltung, auch mit Fernsperrfunktion;Elektronik zur Gew\u00e4hrleistung optimaler Ergebnisse in der normalen Arbeitsumgebung, auch unter feuchten Bedingungen;Werkzeug-Akku-Kommunikation: Das Crimpen beginnt nicht, wenn die Akkuladung zu niedrig ist, um ein unvollst\u00e4ndiges Ergebnis zu verhindern;B\u00fcrstenloser Motor, REDLINK PLUS\u2122-Elektronik und REDLITHIUM\u2122-Akkupack bieten \u00fcberragende Leistung und Langlebigkeit;Funktioniert mit allen M18 Milwaukee\u00ae-Akkus<\/p>\n<p>4933451194<br \/>\n4002395138821<\/p>\n","protected":false},"excerpt":{"rendered":"<p>M18 HCCT-201C\/UT SEKTOR<\/p>\n","protected":false},"featured_media":571247,"template":"","meta":{"_seopress_robots_primary_cat":"","_seopress_titles_title":"","_seopress_titles_desc":"","_seopress_robots_index":""},"product_brand":[3407],"product_cat":[5531,29,491],"product_tag":[3270],"class_list":{"0":"post-612611","1":"product","2":"type-product","3":"status-publish","4":"has-post-thumbnail","6":"product_brand-milwaukee","7":"product_cat-vari-macchinari-milwaukee","8":"product_cat-macchinari","9":"product_cat-accessori-sistemi-a-batteria","10":"product_tag-import-milwau","11":"sws-conto-ricavi-merci-rivendita-macchinari-de","12":"sws-gruppo-iva-iva81-de","14":"first","15":"onbackorder","16":"sale","17":"shipping-taxable","18":"purchasable","19":"product-type-simple"},"_links":{"self":[{"href":"https:\/\/lucacastelli.com\/de\/wp-json\/wp\/v2\/product\/612611","targetHints":{"allow":["GET"]}}],"collection":[{"href":"https:\/\/lucacastelli.com\/de\/wp-json\/wp\/v2\/product"}],"about":[{"href":"https:\/\/lucacastelli.com\/de\/wp-json\/wp\/v2\/types\/product"}],"wp:featuredmedia":[{"embeddable":true,"href":"https:\/\/lucacastelli.com\/de\/wp-json\/wp\/v2\/media\/571247"}],"wp:attachment":[{"href":"https:\/\/lucacastelli.com\/de\/wp-json\/wp\/v2\/media?parent=612611"}],"wp:term":[{"taxonomy":"product_brand","embeddable":true,"href":"https:\/\/lucacastelli.com\/de\/wp-json\/wp\/v2\/product_brand?post=612611"},{"taxonomy":"product_cat","embeddable":true,"href":"https:\/\/lucacastelli.com\/de\/wp-json\/wp\/v2\/product_cat?post=612611"},{"taxonomy":"product_tag","embeddable":true,"href":"https:\/\/lucacastelli.com\/de\/wp-json\/wp\/v2\/product_tag?post=612611"}],"curies":[{"name":"wp","href":"https:\/\/api.w.org\/{rel}","templated":true}]}}