{"id":612514,"date":"2025-08-10T08:37:59","date_gmt":"2025-08-10T06:37:59","guid":{"rendered":"https:\/\/lucacastelli.com\/prodotto\/milwaukee-steckschluessel-%c2%bd%e2%80%b3-torx-7\/"},"modified":"2025-08-10T08:37:59","modified_gmt":"2025-08-10T06:37:59","slug":"milwaukee-steckschluessel-%c2%bd%e2%80%b3-torx-7","status":"publish","type":"product","link":"https:\/\/lucacastelli.com\/de\/produkt\/milwaukee-steckschluessel-%c2%bd%e2%80%b3-torx-7\/","title":{"rendered":"Milwaukee Steckschl\u00fcssel \u00bd\u2033 &#8211; Torx"},"content":{"rendered":"<p>1\/2in Drive T45 Torx Bit-Einsatz<br \/>\nFOUR FLAT\u2122 Design zum Einsetzen von Schraubenschl\u00fcsseln;Feines Design f\u00fcr idealen Zugang in engen Baur\u00e4umen;Einteilige Produktionsmethode erh\u00f6ht die Festigkeit bei Anwendungen mit hohem Drehmoment;Geformte Abmessungen f\u00fcr leichtere Werkzeugerkennung<\/p>\n<p>4932480817<br \/>\n4058546411022<\/p>\n","protected":false},"excerpt":{"rendered":"<p>1\/2in Drive T45 Torx Bit-Einsatz<\/p>\n","protected":false},"featured_media":554087,"template":"","meta":{"_seopress_robots_primary_cat":"","_seopress_titles_title":"","_seopress_titles_desc":"","_seopress_robots_index":""},"product_brand":[3407],"product_cat":[5416,33],"product_tag":[3270],"class_list":{"0":"post-612514","1":"product","2":"type-product","3":"status-publish","4":"has-post-thumbnail","6":"product_brand-milwaukee","7":"product_cat-utensili-per-officina","8":"product_cat-attrezzature","9":"product_tag-import-milwau","10":"sws-conto-ricavi-merci-rivendita-macchinari-de","11":"sws-gruppo-iva-iva81-de","13":"first","14":"onbackorder","15":"sale","16":"shipping-taxable","17":"purchasable","18":"product-type-simple"},"_links":{"self":[{"href":"https:\/\/lucacastelli.com\/de\/wp-json\/wp\/v2\/product\/612514","targetHints":{"allow":["GET"]}}],"collection":[{"href":"https:\/\/lucacastelli.com\/de\/wp-json\/wp\/v2\/product"}],"about":[{"href":"https:\/\/lucacastelli.com\/de\/wp-json\/wp\/v2\/types\/product"}],"wp:featuredmedia":[{"embeddable":true,"href":"https:\/\/lucacastelli.com\/de\/wp-json\/wp\/v2\/media\/554087"}],"wp:attachment":[{"href":"https:\/\/lucacastelli.com\/de\/wp-json\/wp\/v2\/media?parent=612514"}],"wp:term":[{"taxonomy":"product_brand","embeddable":true,"href":"https:\/\/lucacastelli.com\/de\/wp-json\/wp\/v2\/product_brand?post=612514"},{"taxonomy":"product_cat","embeddable":true,"href":"https:\/\/lucacastelli.com\/de\/wp-json\/wp\/v2\/product_cat?post=612514"},{"taxonomy":"product_tag","embeddable":true,"href":"https:\/\/lucacastelli.com\/de\/wp-json\/wp\/v2\/product_tag?post=612514"}],"curies":[{"name":"wp","href":"https:\/\/api.w.org\/{rel}","templated":true}]}}