{"id":612509,"date":"2025-08-10T08:38:00","date_gmt":"2025-08-10T06:38:00","guid":{"rendered":"https:\/\/lucacastelli.com\/prodotto\/milwaukee-steckschluessel-3-8%cb%9d-sechskant\/"},"modified":"2025-08-10T08:38:00","modified_gmt":"2025-08-10T06:38:00","slug":"milwaukee-steckschluessel-3-8%cb%9d-sechskant","status":"publish","type":"product","link":"https:\/\/lucacastelli.com\/de\/produkt\/milwaukee-steckschluessel-3-8%cb%9d-sechskant\/","title":{"rendered":"Milwaukee Steckschl\u00fcssel 3\/8\u02dd &#8211; Sechskant"},"content":{"rendered":"<p>KOMPASSSCHRAUBE 3\/8 &#8211; HEX 14mm<br \/>\nFOUR FLAT\u2122 Design der H\u00fclse verhindert das Rollen und die M\u00f6glichkeit, mehr Kraft mit einem Schraubenschl\u00fcssel aufzubringen;Schlankes Design f\u00fcr besseren Zugang in engen R\u00e4umen;Geschmiedete einteilige Konstruktion erh\u00f6ht die Haltbarkeit bei Anwendungen mit hohem Drehmoment;Geschmiedete Durchmesser f\u00fcr bessere Sicht bei allen Lichtverh\u00e4ltnissen<\/p>\n<p>4932480841<br \/>\n4058546411268<\/p>\n","protected":false},"excerpt":{"rendered":"<p>KOMPASSSCHL\u00dcSSEL 3\/8 &#8211; HEX 14mm<\/p>\n","protected":false},"featured_media":554219,"template":"","meta":{"_seopress_robots_primary_cat":"","_seopress_titles_title":"","_seopress_titles_desc":"","_seopress_robots_index":""},"product_brand":[3407],"product_cat":[5416,33],"product_tag":[3270],"class_list":{"0":"post-612509","1":"product","2":"type-product","3":"status-publish","4":"has-post-thumbnail","6":"product_brand-milwaukee","7":"product_cat-utensili-per-officina","8":"product_cat-attrezzature","9":"product_tag-import-milwau","10":"sws-conto-ricavi-merci-rivendita-macchinari-de","11":"sws-gruppo-iva-iva81-de","13":"first","14":"onbackorder","15":"sale","16":"shipping-taxable","17":"purchasable","18":"product-type-simple"},"_links":{"self":[{"href":"https:\/\/lucacastelli.com\/de\/wp-json\/wp\/v2\/product\/612509","targetHints":{"allow":["GET"]}}],"collection":[{"href":"https:\/\/lucacastelli.com\/de\/wp-json\/wp\/v2\/product"}],"about":[{"href":"https:\/\/lucacastelli.com\/de\/wp-json\/wp\/v2\/types\/product"}],"wp:featuredmedia":[{"embeddable":true,"href":"https:\/\/lucacastelli.com\/de\/wp-json\/wp\/v2\/media\/554219"}],"wp:attachment":[{"href":"https:\/\/lucacastelli.com\/de\/wp-json\/wp\/v2\/media?parent=612509"}],"wp:term":[{"taxonomy":"product_brand","embeddable":true,"href":"https:\/\/lucacastelli.com\/de\/wp-json\/wp\/v2\/product_brand?post=612509"},{"taxonomy":"product_cat","embeddable":true,"href":"https:\/\/lucacastelli.com\/de\/wp-json\/wp\/v2\/product_cat?post=612509"},{"taxonomy":"product_tag","embeddable":true,"href":"https:\/\/lucacastelli.com\/de\/wp-json\/wp\/v2\/product_tag?post=612509"}],"curies":[{"name":"wp","href":"https:\/\/api.w.org\/{rel}","templated":true}]}}