{"id":612435,"date":"2025-08-10T08:46:46","date_gmt":"2025-08-10T06:46:46","guid":{"rendered":"https:\/\/lucacastelli.com\/prodotto\/milwaukee-doppelmaulschluessel-in-weicher-form-2\/"},"modified":"2025-08-10T08:46:46","modified_gmt":"2025-08-10T06:46:46","slug":"milwaukee-doppelmaulschluessel-in-weicher-form-2","status":"publish","type":"product","link":"https:\/\/lucacastelli.com\/de\/produkt\/milwaukee-doppelmaulschluessel-in-weicher-form-2\/","title":{"rendered":"Milwaukee Doppelmaulschl\u00fcssel in weicher Form"},"content":{"rendered":"<p>DOPPELGABELSCHRAUBEN 4 St\u00fcck MOD MORB<br \/>\nEinsatz f\u00fcr 30 Zoll \/ 78 cm Werkzeugwagen;Reduzierte Kopfgr\u00f6\u00dfe f\u00fcr den Zugang in engen Bereichen;Abgerundeter, ergonomischer Griff f\u00fcr die Anwendung des maximalen Drehmoments;Laser-Siebdruck mit Tinte f\u00fcr bessere Sichtbarkeit Durchmesser;Chrom-Finish<\/p>\n<p>4932493630<br \/>\n4058546485016<\/p>\n","protected":false},"excerpt":{"rendered":"<p>DOPPELSCHRAUBE SCHRAUBEN 4 St\u00fcck MOD MORB<\/p>\n","protected":false},"featured_media":562924,"template":"","meta":{"_seopress_robots_primary_cat":"","_seopress_titles_title":"","_seopress_titles_desc":"","_seopress_robots_index":""},"product_brand":[3407],"product_cat":[5416,33],"product_tag":[3270],"class_list":{"0":"post-612435","1":"product","2":"type-product","3":"status-publish","4":"has-post-thumbnail","6":"product_brand-milwaukee","7":"product_cat-utensili-per-officina","8":"product_cat-attrezzature","9":"product_tag-import-milwau","10":"sws-conto-ricavi-merci-rivendita-macchinari-de","11":"sws-gruppo-iva-iva81-de","13":"first","14":"onbackorder","15":"sale","16":"shipping-taxable","17":"purchasable","18":"product-type-simple"},"_links":{"self":[{"href":"https:\/\/lucacastelli.com\/de\/wp-json\/wp\/v2\/product\/612435","targetHints":{"allow":["GET"]}}],"collection":[{"href":"https:\/\/lucacastelli.com\/de\/wp-json\/wp\/v2\/product"}],"about":[{"href":"https:\/\/lucacastelli.com\/de\/wp-json\/wp\/v2\/types\/product"}],"wp:featuredmedia":[{"embeddable":true,"href":"https:\/\/lucacastelli.com\/de\/wp-json\/wp\/v2\/media\/562924"}],"wp:attachment":[{"href":"https:\/\/lucacastelli.com\/de\/wp-json\/wp\/v2\/media?parent=612435"}],"wp:term":[{"taxonomy":"product_brand","embeddable":true,"href":"https:\/\/lucacastelli.com\/de\/wp-json\/wp\/v2\/product_brand?post=612435"},{"taxonomy":"product_cat","embeddable":true,"href":"https:\/\/lucacastelli.com\/de\/wp-json\/wp\/v2\/product_cat?post=612435"},{"taxonomy":"product_tag","embeddable":true,"href":"https:\/\/lucacastelli.com\/de\/wp-json\/wp\/v2\/product_tag?post=612435"}],"curies":[{"name":"wp","href":"https:\/\/api.w.org\/{rel}","templated":true}]}}