{"id":612433,"date":"2025-08-10T08:46:43","date_gmt":"2025-08-10T06:46:43","guid":{"rendered":"https:\/\/lucacastelli.com\/prodotto\/milwaukee-doppelmaulschluessel-19\/"},"modified":"2025-08-10T08:46:43","modified_gmt":"2025-08-10T06:46:43","slug":"milwaukee-doppelmaulschluessel-19","status":"publish","type":"product","link":"https:\/\/lucacastelli.com\/de\/produkt\/milwaukee-doppelmaulschluessel-19\/","title":{"rendered":"Milwaukee Doppelmaulschl\u00fcssel"},"content":{"rendered":"<p>DOPPELGABELSCHRAUBE 36&#215;41 mm<br \/>\nReduzierte Kopfgr\u00f6\u00dfe f\u00fcr den Zugang zu engen Bereichen;Abgerundeter, ergonomischer Griff f\u00fcr die Anwendung eines maximalen Drehmoments;Laserbeschriftung mit Tinte f\u00fcr bessere Sichtbarkeit des Durchmessers;Verchromte Oberfl\u00e4che<\/p>\n<p>4932492736<br \/>\n4058546476076<\/p>\n","protected":false},"excerpt":{"rendered":"<p>DOPPELTE GABELSCHRAUBE 36&#215;41 mm<\/p>\n","protected":false},"featured_media":558219,"template":"","meta":{"_seopress_robots_primary_cat":"","_seopress_titles_title":"","_seopress_titles_desc":"","_seopress_robots_index":""},"product_brand":[3407],"product_cat":[5416,33],"product_tag":[3270],"class_list":{"0":"post-612433","1":"product","2":"type-product","3":"status-publish","4":"has-post-thumbnail","6":"product_brand-milwaukee","7":"product_cat-utensili-per-officina","8":"product_cat-attrezzature","9":"product_tag-import-milwau","10":"sws-conto-ricavi-merci-rivendita-macchinari-de","11":"sws-gruppo-iva-iva81-de","13":"first","14":"onbackorder","15":"sale","16":"shipping-taxable","17":"purchasable","18":"product-type-simple"},"_links":{"self":[{"href":"https:\/\/lucacastelli.com\/de\/wp-json\/wp\/v2\/product\/612433","targetHints":{"allow":["GET"]}}],"collection":[{"href":"https:\/\/lucacastelli.com\/de\/wp-json\/wp\/v2\/product"}],"about":[{"href":"https:\/\/lucacastelli.com\/de\/wp-json\/wp\/v2\/types\/product"}],"wp:featuredmedia":[{"embeddable":true,"href":"https:\/\/lucacastelli.com\/de\/wp-json\/wp\/v2\/media\/558219"}],"wp:attachment":[{"href":"https:\/\/lucacastelli.com\/de\/wp-json\/wp\/v2\/media?parent=612433"}],"wp:term":[{"taxonomy":"product_brand","embeddable":true,"href":"https:\/\/lucacastelli.com\/de\/wp-json\/wp\/v2\/product_brand?post=612433"},{"taxonomy":"product_cat","embeddable":true,"href":"https:\/\/lucacastelli.com\/de\/wp-json\/wp\/v2\/product_cat?post=612433"},{"taxonomy":"product_tag","embeddable":true,"href":"https:\/\/lucacastelli.com\/de\/wp-json\/wp\/v2\/product_tag?post=612433"}],"curies":[{"name":"wp","href":"https:\/\/api.w.org\/{rel}","templated":true}]}}