{"id":612418,"date":"2025-08-10T08:46:39","date_gmt":"2025-08-10T06:46:39","guid":{"rendered":"https:\/\/lucacastelli.com\/prodotto\/milwaukee-doppelmaulschluessel-16\/"},"modified":"2025-08-10T08:46:39","modified_gmt":"2025-08-10T06:46:39","slug":"milwaukee-doppelmaulschluessel-16","status":"publish","type":"product","link":"https:\/\/lucacastelli.com\/de\/produkt\/milwaukee-doppelmaulschluessel-16\/","title":{"rendered":"Milwaukee Doppelmaulschl\u00fcssel"},"content":{"rendered":"<p>DOPPELGABELSCHRAUBE 25&#215;28 mm<br \/>\nReduzierte Kopfgr\u00f6\u00dfe f\u00fcr den Zugang zu engen Bereichen;Abgerundeter, ergonomischer Griff f\u00fcr die Anwendung eines maximalen Drehmoments;Mit Tinte lasergedruckt f\u00fcr eine bessere Sichtbarkeit des Durchmessers;Verchromte Oberfl\u00e4che<\/p>\n<p>4932492732<br \/>\n4058546476038<\/p>\n","protected":false},"excerpt":{"rendered":"<p>DOPPELGABELSCHRAUBE 25&#215;28 mm<\/p>\n","protected":false},"featured_media":558199,"template":"","meta":{"_seopress_robots_primary_cat":"","_seopress_titles_title":"","_seopress_titles_desc":"","_seopress_robots_index":""},"product_brand":[3407],"product_cat":[5416,33],"product_tag":[3270],"class_list":{"0":"post-612418","1":"product","2":"type-product","3":"status-publish","4":"has-post-thumbnail","6":"product_brand-milwaukee","7":"product_cat-utensili-per-officina","8":"product_cat-attrezzature","9":"product_tag-import-milwau","10":"sws-conto-ricavi-merci-rivendita-macchinari-de","11":"sws-gruppo-iva-iva81-de","13":"first","14":"onbackorder","15":"sale","16":"shipping-taxable","17":"purchasable","18":"product-type-simple"},"_links":{"self":[{"href":"https:\/\/lucacastelli.com\/de\/wp-json\/wp\/v2\/product\/612418","targetHints":{"allow":["GET"]}}],"collection":[{"href":"https:\/\/lucacastelli.com\/de\/wp-json\/wp\/v2\/product"}],"about":[{"href":"https:\/\/lucacastelli.com\/de\/wp-json\/wp\/v2\/types\/product"}],"wp:featuredmedia":[{"embeddable":true,"href":"https:\/\/lucacastelli.com\/de\/wp-json\/wp\/v2\/media\/558199"}],"wp:attachment":[{"href":"https:\/\/lucacastelli.com\/de\/wp-json\/wp\/v2\/media?parent=612418"}],"wp:term":[{"taxonomy":"product_brand","embeddable":true,"href":"https:\/\/lucacastelli.com\/de\/wp-json\/wp\/v2\/product_brand?post=612418"},{"taxonomy":"product_cat","embeddable":true,"href":"https:\/\/lucacastelli.com\/de\/wp-json\/wp\/v2\/product_cat?post=612418"},{"taxonomy":"product_tag","embeddable":true,"href":"https:\/\/lucacastelli.com\/de\/wp-json\/wp\/v2\/product_tag?post=612418"}],"curies":[{"name":"wp","href":"https:\/\/api.w.org\/{rel}","templated":true}]}}