{"id":612388,"date":"2025-08-10T08:46:29","date_gmt":"2025-08-10T06:46:29","guid":{"rendered":"https:\/\/lucacastelli.com\/prodotto\/milwaukee-doppelmaulschluessel-6\/"},"modified":"2025-08-10T08:46:29","modified_gmt":"2025-08-10T06:46:29","slug":"milwaukee-doppelmaulschluessel-6","status":"publish","type":"product","link":"https:\/\/lucacastelli.com\/de\/produkt\/milwaukee-doppelmaulschluessel-6\/","title":{"rendered":"Milwaukee Doppelmaulschl\u00fcssel"},"content":{"rendered":"<p>DOPPELGABELSCHRAUBE 13x17mm<br \/>\nReduzierte Kopfgr\u00f6\u00dfe f\u00fcr den Zugang in engen Bereichen.;Abgerundeter, ergonomischer Griff f\u00fcr die Anwendung eines maximalen Drehmoments.;Mit Tinte lasergedruckt f\u00fcr bessere Sichtbarkeit des Durchmessers.;Verchromte Oberfl\u00e4che.<\/p>\n<p>4932492723<br \/>\n4058546475949<\/p>\n","protected":false},"excerpt":{"rendered":"<p>DOPPELGABELSCHRAUBE 13x17mm<\/p>\n","protected":false},"featured_media":558150,"template":"","meta":{"_seopress_robots_primary_cat":"","_seopress_titles_title":"","_seopress_titles_desc":"","_seopress_robots_index":""},"product_brand":[3407],"product_cat":[5416,33],"product_tag":[3270],"class_list":{"0":"post-612388","1":"product","2":"type-product","3":"status-publish","4":"has-post-thumbnail","6":"product_brand-milwaukee","7":"product_cat-utensili-per-officina","8":"product_cat-attrezzature","9":"product_tag-import-milwau","10":"sws-conto-ricavi-merci-rivendita-macchinari-de","11":"sws-gruppo-iva-iva81-de","13":"first","14":"onbackorder","15":"sale","16":"shipping-taxable","17":"purchasable","18":"product-type-simple"},"_links":{"self":[{"href":"https:\/\/lucacastelli.com\/de\/wp-json\/wp\/v2\/product\/612388","targetHints":{"allow":["GET"]}}],"collection":[{"href":"https:\/\/lucacastelli.com\/de\/wp-json\/wp\/v2\/product"}],"about":[{"href":"https:\/\/lucacastelli.com\/de\/wp-json\/wp\/v2\/types\/product"}],"wp:featuredmedia":[{"embeddable":true,"href":"https:\/\/lucacastelli.com\/de\/wp-json\/wp\/v2\/media\/558150"}],"wp:attachment":[{"href":"https:\/\/lucacastelli.com\/de\/wp-json\/wp\/v2\/media?parent=612388"}],"wp:term":[{"taxonomy":"product_brand","embeddable":true,"href":"https:\/\/lucacastelli.com\/de\/wp-json\/wp\/v2\/product_brand?post=612388"},{"taxonomy":"product_cat","embeddable":true,"href":"https:\/\/lucacastelli.com\/de\/wp-json\/wp\/v2\/product_cat?post=612388"},{"taxonomy":"product_tag","embeddable":true,"href":"https:\/\/lucacastelli.com\/de\/wp-json\/wp\/v2\/product_tag?post=612388"}],"curies":[{"name":"wp","href":"https:\/\/api.w.org\/{rel}","templated":true}]}}