{"id":612383,"date":"2025-08-10T08:46:28","date_gmt":"2025-08-10T06:46:28","guid":{"rendered":"https:\/\/lucacastelli.com\/prodotto\/milwaukee-doppelmaulschluessel-4\/"},"modified":"2025-08-10T08:46:28","modified_gmt":"2025-08-10T06:46:28","slug":"milwaukee-doppelmaulschluessel-4","status":"publish","type":"product","link":"https:\/\/lucacastelli.com\/de\/produkt\/milwaukee-doppelmaulschluessel-4\/","title":{"rendered":"Milwaukee Doppelmaulschl\u00fcssel"},"content":{"rendered":"<p>DOPPELGABELSCHRAUBE 12x14mm<br \/>\nReduzierte Kopfgr\u00f6\u00dfe f\u00fcr den Zugang in engen Bereichen.;Abgerundeter, ergonomischer Griff f\u00fcr die Anwendung eines maximalen Drehmoments.;Mit Tinte lasergedruckt f\u00fcr bessere Sichtbarkeit des Durchmessers.;Verchromt.<\/p>\n<p>4932492722<br \/>\n4058546475932<\/p>\n","protected":false},"excerpt":{"rendered":"<p>DOPPELGABELSCHRAUBE 12x14mm<\/p>\n","protected":false},"featured_media":558145,"template":"","meta":{"_seopress_robots_primary_cat":"","_seopress_titles_title":"","_seopress_titles_desc":"","_seopress_robots_index":""},"product_brand":[3407],"product_cat":[5416,33],"product_tag":[3270],"class_list":{"0":"post-612383","1":"product","2":"type-product","3":"status-publish","4":"has-post-thumbnail","6":"product_brand-milwaukee","7":"product_cat-utensili-per-officina","8":"product_cat-attrezzature","9":"product_tag-import-milwau","10":"sws-conto-ricavi-merci-rivendita-macchinari-de","11":"sws-gruppo-iva-iva81-de","13":"first","14":"onbackorder","15":"sale","16":"shipping-taxable","17":"purchasable","18":"product-type-simple"},"_links":{"self":[{"href":"https:\/\/lucacastelli.com\/de\/wp-json\/wp\/v2\/product\/612383","targetHints":{"allow":["GET"]}}],"collection":[{"href":"https:\/\/lucacastelli.com\/de\/wp-json\/wp\/v2\/product"}],"about":[{"href":"https:\/\/lucacastelli.com\/de\/wp-json\/wp\/v2\/types\/product"}],"wp:featuredmedia":[{"embeddable":true,"href":"https:\/\/lucacastelli.com\/de\/wp-json\/wp\/v2\/media\/558145"}],"wp:attachment":[{"href":"https:\/\/lucacastelli.com\/de\/wp-json\/wp\/v2\/media?parent=612383"}],"wp:term":[{"taxonomy":"product_brand","embeddable":true,"href":"https:\/\/lucacastelli.com\/de\/wp-json\/wp\/v2\/product_brand?post=612383"},{"taxonomy":"product_cat","embeddable":true,"href":"https:\/\/lucacastelli.com\/de\/wp-json\/wp\/v2\/product_cat?post=612383"},{"taxonomy":"product_tag","embeddable":true,"href":"https:\/\/lucacastelli.com\/de\/wp-json\/wp\/v2\/product_tag?post=612383"}],"curies":[{"name":"wp","href":"https:\/\/api.w.org\/{rel}","templated":true}]}}